{"id":100,"date":"2018-03-30T12:10:57","date_gmt":"2018-03-30T10:10:57","guid":{"rendered":"http:\/\/mhamidvoyages.com\/wpmhamid\/?page_id=100"},"modified":"2023-09-28T20:16:25","modified_gmt":"2023-09-28T18:16:25","slug":"retraites-desert-maroc-yoga-meditation-therapie","status":"publish","type":"page","link":"https:\/\/mhamidvoyages.com\/en\/morocco-desert-retreats-yoga-meditation-therapy\/","title":{"rendered":"Retreats in Morocco | yoga, dance, meditation in the desert"},"content":{"rendered":"<div class=\"wpb-content-wrapper\"><p>[vc_row top_padding=&#8221;40&#8243; bottom_padding=&#8221;60&#8243; bg_position=&#8221;left top&#8221;][vc_column width=&#8221;1\/1&#8243;]<h1 class=\"headline font-special fontsize-xxl fontweight-inherit lh-inherit align-center transform-uppercase \" style=\"margin: 0 0 20px 0;\"><strong>For your retreats in Morocco &#8230;<\/strong><\/h1><h2 class=\"headline font-inherit fontsize-m fontweight-inherit lh-inherit align-center transform-inherit \" style=\"margin: 0; color: #999999;\">&#8230; and holidays in the Sahara desert, we are the ideal agency. If you want to organize a yoga, meditation, therapy, writing or any retreat, do not hesitate to contact us.<\/h2><div class=\"spacer\" style=\"height: 60px;\"><\/div><h4 class=\"headline font-inherit fontsize-m fontweight-300 lh-inherit align-center transform-inherit \" style=\"margin: 0 0 20px 0;\"><i>\u201cThe dewdrop reflects light because it is one with light, and you reflect life because you and life are one.\u201d<\/i><br \/>\nKhalil Gibran<\/h4>[\/vc_column][\/vc_row][vc_row][vc_column width=&#8221;1\/2&#8243;]<h1 class=\"headline font-inherit fontsize-l fontweight-300 lh-inherit align-center transform-inherit \" style=\"margin: 0 0 20px 0;\">Retreats<\/h1>[vc_column_text]Would you like to organise courses or retreats: yoga, meditation, writing, painting, cooking or any other creative or meditation activity?<br \/>\nWe would be delighted to welcome you to our Oasis property in the Sahara desert.<br \/>\nThis place was designed for you!<br \/>\nIt&#8217;s a unique and inspiring location to get back to basics and recharge your batteries. The spirit of the desert, the silence, the proximity of the dunes, the star filled nights allow you to feel the powerful energy of the desert far from any noise or light pollution.<br \/>\nYou&#8217;ll be staying in traditional bungalows built from adobe, using natural, eco-friendly materials that allow the air circulate freely for peaceful nights and a good night&#8217;s sleep. Simply furnished with traditional carpets, wooden furniture and comfortable beds with sheets and warm blankets.<br \/>\nThere are sanitary facilities with hot showers and toilets. Water and electricity are supplied by a well and solar panels.[\/vc_column_text][\/vc_column][vc_column width=&#8221;1\/2&#8243;]<h1 class=\"headline font-inherit fontsize-l fontweight-300 lh-inherit align-center transform-inherit \" style=\"margin: 0 0 20px 0;\">We offer our facilities for your courses and activities:<\/h1>[vc_column_text][\/vc_column_text]<div class=\"minti_list wpb_content_element color-accent circle show_separator\" style=\"\">&#8211; A large meeting room (10m\/10m) built in a traditional for up to 16 people,<br \/>\n&#8211; A covered lounge with colourful carpets where you can meet for tea, relax on sofas or meditate by the fire.<br \/>\n\u00d8 The possibility to walk, camel ride&#8230;and others activities<br \/>\n\u00d8 Our Oasis can be\/is entirely privatised for your stay.<br \/>\n\u00d8 Vegetarian meals can be served on request (various salads, vegetable tagines and couscous, dried fruit and fresh fruit, etc.) Vegetables come from our own vegetable garden in the oasis and from the region. We prefer fresh, local produce.<\/p>\n<p>Contact us to find out what&#8217;s best for you, and we&#8217;ll do everything we can to make your stay a success.<\/div>[\/vc_column][\/vc_row][vc_row top_padding=&#8221;40&#8243; bottom_padding=&#8221;40&#8243;][vc_column width=&#8221;1\/1&#8243;]<div class=\"gallery-style-2\">\n\t\t<style type=\"text\/css\">\n\t\t\t#gallery-2 {\n\t\t\t\tmargin: auto;\n\t\t\t}\n\t\t\t#gallery-2 .gallery-item {\n\t\t\t\tfloat: left;\n\t\t\t\tmargin-top: 10px;\n\t\t\t\ttext-align: center;\n\t\t\t\twidth: 25%;\n\t\t\t}\n\t\t\t#gallery-2 img {\n\t\t\t\tborder: 2px solid #cfcfcf;\n\t\t\t}\n\t\t\t#gallery-2 .gallery-caption {\n\t\t\t\tmargin-left: 0;\n\t\t\t}\n\t\t\t\/* see gallery_shortcode() in wp-includes\/media.php *\/\n\t\t<\/style>\n\t\t<div id='gallery-2' class='gallery galleryid-100 gallery-columns-4 gallery-size-thumbnail'><dl class='gallery-item'>\n\t\t\t<dt class='gallery-icon landscape'>\n\t\t\t\t<a rel=\"prettyPhoto[pp_gal]\" href='https:\/\/mhamidvoyages.com\/wpmhamid\/wp-content\/uploads\/2018\/05\/retraites-4.jpg'><img loading=\"lazy\" decoding=\"async\" width=\"150\" height=\"150\" src=\"https:\/\/mhamidvoyages.com\/wpmhamid\/wp-content\/uploads\/2018\/05\/retraites-4-150x150.jpg\" class=\"attachment-thumbnail size-thumbnail\" alt=\"Retraites au Maroc Stage Yoga\" srcset=\"https:\/\/mhamidvoyages.com\/wpmhamid\/wp-content\/uploads\/2018\/05\/retraites-4-150x150.jpg 150w, https:\/\/mhamidvoyages.com\/wpmhamid\/wp-content\/uploads\/2018\/05\/retraites-4-300x300.jpg 300w, https:\/\/mhamidvoyages.com\/wpmhamid\/wp-content\/uploads\/2018\/05\/retraites-4-768x768.jpg 768w, https:\/\/mhamidvoyages.com\/wpmhamid\/wp-content\/uploads\/2018\/05\/retraites-4-80x80.jpg 80w, https:\/\/mhamidvoyages.com\/wpmhamid\/wp-content\/uploads\/2018\/05\/retraites-4-500x500.jpg 500w, https:\/\/mhamidvoyages.com\/wpmhamid\/wp-content\/uploads\/2018\/05\/retraites-4.jpg 1000w\" sizes=\"auto, (max-width: 150px) 100vw, 150px\" \/><\/a>\n\t\t\t<\/dt><\/dl><dl class='gallery-item'>\n\t\t\t<dt class='gallery-icon landscape'>\n\t\t\t\t<a rel=\"prettyPhoto[pp_gal]\" href='https:\/\/mhamidvoyages.com\/wpmhamid\/wp-content\/uploads\/2018\/05\/retraites-7.jpg'><img loading=\"lazy\" decoding=\"async\" width=\"150\" height=\"150\" src=\"https:\/\/mhamidvoyages.com\/wpmhamid\/wp-content\/uploads\/2018\/05\/retraites-7-150x150.jpg\" class=\"attachment-thumbnail size-thumbnail\" alt=\"Retraites au Maroc Stage Yoga\" srcset=\"https:\/\/mhamidvoyages.com\/wpmhamid\/wp-content\/uploads\/2018\/05\/retraites-7-150x150.jpg 150w, https:\/\/mhamidvoyages.com\/wpmhamid\/wp-content\/uploads\/2018\/05\/retraites-7-300x300.jpg 300w, https:\/\/mhamidvoyages.com\/wpmhamid\/wp-content\/uploads\/2018\/05\/retraites-7-768x768.jpg 768w, https:\/\/mhamidvoyages.com\/wpmhamid\/wp-content\/uploads\/2018\/05\/retraites-7-80x80.jpg 80w, https:\/\/mhamidvoyages.com\/wpmhamid\/wp-content\/uploads\/2018\/05\/retraites-7-500x500.jpg 500w, https:\/\/mhamidvoyages.com\/wpmhamid\/wp-content\/uploads\/2018\/05\/retraites-7.jpg 1000w\" sizes=\"auto, (max-width: 150px) 100vw, 150px\" \/><\/a>\n\t\t\t<\/dt><\/dl><dl class='gallery-item'>\n\t\t\t<dt class='gallery-icon landscape'>\n\t\t\t\t<a rel=\"prettyPhoto[pp_gal]\" href='https:\/\/mhamidvoyages.com\/wpmhamid\/wp-content\/uploads\/2018\/05\/retraites-1.jpg'><img loading=\"lazy\" decoding=\"async\" width=\"150\" height=\"150\" src=\"https:\/\/mhamidvoyages.com\/wpmhamid\/wp-content\/uploads\/2018\/05\/retraites-1-150x150.jpg\" class=\"attachment-thumbnail size-thumbnail\" alt=\"Yoga stage d\u00e9sert retraites\" srcset=\"https:\/\/mhamidvoyages.com\/wpmhamid\/wp-content\/uploads\/2018\/05\/retraites-1-150x150.jpg 150w, https:\/\/mhamidvoyages.com\/wpmhamid\/wp-content\/uploads\/2018\/05\/retraites-1-300x300.jpg 300w, https:\/\/mhamidvoyages.com\/wpmhamid\/wp-content\/uploads\/2018\/05\/retraites-1-768x768.jpg 768w, https:\/\/mhamidvoyages.com\/wpmhamid\/wp-content\/uploads\/2018\/05\/retraites-1-80x80.jpg 80w, https:\/\/mhamidvoyages.com\/wpmhamid\/wp-content\/uploads\/2018\/05\/retraites-1-500x500.jpg 500w, https:\/\/mhamidvoyages.com\/wpmhamid\/wp-content\/uploads\/2018\/05\/retraites-1.jpg 1000w\" sizes=\"auto, (max-width: 150px) 100vw, 150px\" \/><\/a>\n\t\t\t<\/dt><\/dl><dl class='gallery-item'>\n\t\t\t<dt class='gallery-icon landscape'>\n\t\t\t\t<a rel=\"prettyPhoto[pp_gal]\" href='https:\/\/mhamidvoyages.com\/wpmhamid\/wp-content\/uploads\/2018\/05\/retraites-5.jpg'><img loading=\"lazy\" decoding=\"async\" width=\"150\" height=\"150\" src=\"https:\/\/mhamidvoyages.com\/wpmhamid\/wp-content\/uploads\/2018\/05\/retraites-5-150x150.jpg\" class=\"attachment-thumbnail size-thumbnail\" alt=\"Retraites au Maroc Stage Yoga\" srcset=\"https:\/\/mhamidvoyages.com\/wpmhamid\/wp-content\/uploads\/2018\/05\/retraites-5-150x150.jpg 150w, https:\/\/mhamidvoyages.com\/wpmhamid\/wp-content\/uploads\/2018\/05\/retraites-5-300x300.jpg 300w, https:\/\/mhamidvoyages.com\/wpmhamid\/wp-content\/uploads\/2018\/05\/retraites-5-768x768.jpg 768w, https:\/\/mhamidvoyages.com\/wpmhamid\/wp-content\/uploads\/2018\/05\/retraites-5-80x80.jpg 80w, https:\/\/mhamidvoyages.com\/wpmhamid\/wp-content\/uploads\/2018\/05\/retraites-5-500x500.jpg 500w, https:\/\/mhamidvoyages.com\/wpmhamid\/wp-content\/uploads\/2018\/05\/retraites-5.jpg 1000w\" sizes=\"auto, (max-width: 150px) 100vw, 150px\" \/><\/a>\n\t\t\t<\/dt><\/dl><br style=\"clear: both\" \/><dl class='gallery-item'>\n\t\t\t<dt class='gallery-icon landscape'>\n\t\t\t\t<a rel=\"prettyPhoto[pp_gal]\" href='https:\/\/mhamidvoyages.com\/wpmhamid\/wp-content\/uploads\/2018\/05\/retraites-2.jpg'><img loading=\"lazy\" decoding=\"async\" width=\"150\" height=\"150\" src=\"https:\/\/mhamidvoyages.com\/wpmhamid\/wp-content\/uploads\/2018\/05\/retraites-2-150x150.jpg\" class=\"attachment-thumbnail size-thumbnail\" alt=\"Bivouac stage d\u00e9sert retraites\" srcset=\"https:\/\/mhamidvoyages.com\/wpmhamid\/wp-content\/uploads\/2018\/05\/retraites-2-150x150.jpg 150w, https:\/\/mhamidvoyages.com\/wpmhamid\/wp-content\/uploads\/2018\/05\/retraites-2-300x300.jpg 300w, https:\/\/mhamidvoyages.com\/wpmhamid\/wp-content\/uploads\/2018\/05\/retraites-2-768x768.jpg 768w, https:\/\/mhamidvoyages.com\/wpmhamid\/wp-content\/uploads\/2018\/05\/retraites-2-80x80.jpg 80w, https:\/\/mhamidvoyages.com\/wpmhamid\/wp-content\/uploads\/2018\/05\/retraites-2-500x500.jpg 500w, https:\/\/mhamidvoyages.com\/wpmhamid\/wp-content\/uploads\/2018\/05\/retraites-2.jpg 1000w\" sizes=\"auto, (max-width: 150px) 100vw, 150px\" \/><\/a>\n\t\t\t<\/dt><\/dl><dl class='gallery-item'>\n\t\t\t<dt class='gallery-icon landscape'>\n\t\t\t\t<a rel=\"prettyPhoto[pp_gal]\" href='https:\/\/mhamidvoyages.com\/wpmhamid\/wp-content\/uploads\/2018\/05\/retraites-8.jpg'><img loading=\"lazy\" decoding=\"async\" width=\"150\" height=\"150\" src=\"https:\/\/mhamidvoyages.com\/wpmhamid\/wp-content\/uploads\/2018\/05\/retraites-8-150x150.jpg\" class=\"attachment-thumbnail size-thumbnail\" alt=\"Retraites au Maroc Stage Yoga\" srcset=\"https:\/\/mhamidvoyages.com\/wpmhamid\/wp-content\/uploads\/2018\/05\/retraites-8-150x150.jpg 150w, https:\/\/mhamidvoyages.com\/wpmhamid\/wp-content\/uploads\/2018\/05\/retraites-8-300x300.jpg 300w, https:\/\/mhamidvoyages.com\/wpmhamid\/wp-content\/uploads\/2018\/05\/retraites-8-768x768.jpg 768w, https:\/\/mhamidvoyages.com\/wpmhamid\/wp-content\/uploads\/2018\/05\/retraites-8-80x80.jpg 80w, https:\/\/mhamidvoyages.com\/wpmhamid\/wp-content\/uploads\/2018\/05\/retraites-8-500x500.jpg 500w, https:\/\/mhamidvoyages.com\/wpmhamid\/wp-content\/uploads\/2018\/05\/retraites-8.jpg 1000w\" sizes=\"auto, (max-width: 150px) 100vw, 150px\" \/><\/a>\n\t\t\t<\/dt><\/dl><dl class='gallery-item'>\n\t\t\t<dt class='gallery-icon landscape'>\n\t\t\t\t<a rel=\"prettyPhoto[pp_gal]\" href='https:\/\/mhamidvoyages.com\/wpmhamid\/wp-content\/uploads\/2018\/05\/retraites-3.jpg'><img loading=\"lazy\" decoding=\"async\" width=\"150\" height=\"150\" src=\"https:\/\/mhamidvoyages.com\/wpmhamid\/wp-content\/uploads\/2018\/05\/retraites-3-150x150.jpg\" class=\"attachment-thumbnail size-thumbnail\" alt=\"Retraites psychologie stage d\u00e9sert Maroc\" srcset=\"https:\/\/mhamidvoyages.com\/wpmhamid\/wp-content\/uploads\/2018\/05\/retraites-3-150x150.jpg 150w, https:\/\/mhamidvoyages.com\/wpmhamid\/wp-content\/uploads\/2018\/05\/retraites-3-300x300.jpg 300w, https:\/\/mhamidvoyages.com\/wpmhamid\/wp-content\/uploads\/2018\/05\/retraites-3-768x768.jpg 768w, https:\/\/mhamidvoyages.com\/wpmhamid\/wp-content\/uploads\/2018\/05\/retraites-3-80x80.jpg 80w, https:\/\/mhamidvoyages.com\/wpmhamid\/wp-content\/uploads\/2018\/05\/retraites-3-500x500.jpg 500w, https:\/\/mhamidvoyages.com\/wpmhamid\/wp-content\/uploads\/2018\/05\/retraites-3.jpg 1000w\" sizes=\"auto, (max-width: 150px) 100vw, 150px\" \/><\/a>\n\t\t\t<\/dt><\/dl><dl class='gallery-item'>\n\t\t\t<dt class='gallery-icon landscape'>\n\t\t\t\t<a rel=\"prettyPhoto[pp_gal]\" href='https:\/\/mhamidvoyages.com\/wpmhamid\/wp-content\/uploads\/2018\/05\/retraites-67.jpg'><img loading=\"lazy\" decoding=\"async\" width=\"150\" height=\"150\" src=\"https:\/\/mhamidvoyages.com\/wpmhamid\/wp-content\/uploads\/2018\/05\/retraites-67-150x150.jpg\" class=\"attachment-thumbnail size-thumbnail\" alt=\"Retraites au Maroc Stage Yoga\" srcset=\"https:\/\/mhamidvoyages.com\/wpmhamid\/wp-content\/uploads\/2018\/05\/retraites-67-150x150.jpg 150w, https:\/\/mhamidvoyages.com\/wpmhamid\/wp-content\/uploads\/2018\/05\/retraites-67-300x300.jpg 300w, https:\/\/mhamidvoyages.com\/wpmhamid\/wp-content\/uploads\/2018\/05\/retraites-67-768x768.jpg 768w, https:\/\/mhamidvoyages.com\/wpmhamid\/wp-content\/uploads\/2018\/05\/retraites-67-80x80.jpg 80w, https:\/\/mhamidvoyages.com\/wpmhamid\/wp-content\/uploads\/2018\/05\/retraites-67-500x500.jpg 500w, https:\/\/mhamidvoyages.com\/wpmhamid\/wp-content\/uploads\/2018\/05\/retraites-67.jpg 1000w\" sizes=\"auto, (max-width: 150px) 100vw, 150px\" \/><\/a>\n\t\t\t<\/dt><\/dl><br style=\"clear: both\" \/>\n\t\t<\/div>\n<\/div>[\/vc_column][\/vc_row][vc_row type=&#8221;full_width_section&#8221; bottom_padding=&#8221;40&#8243;][vc_column width=&#8221;1\/1&#8243;]<div class=\"callout clearfix\" style=\"background-color:#f38d2c; color:#ffffff;\">\n\t\t<div class=\"callout-text\">Stays \u00e0 la carte and customized, contact us for a quote.<\/div>\n\t\t\t<div class=\"callout-button\"><a class=\"button medium color-4\" href=\"https:\/\/mhamidvoyages.com\/en\/contact-desert-marocain-treks-sejour-randonnees-vacances\/\" target=\"_self\">Contact<\/a><\/div>\n\t\t<\/div>[\/vc_column][\/vc_row]<\/p>\n<\/div>","protected":false},"excerpt":{"rendered":"<p>Sorry, this entry is only available in Fran\u00e7ais.<\/p>\n","protected":false},"author":1,"featured_media":105,"parent":0,"menu_order":0,"comment_status":"closed","ping_status":"closed","template":"","meta":{"footnotes":""},"class_list":["post-100","page","type-page","status-publish","has-post-thumbnail","hentry"],"yoast_head":"<!-- This site is optimized with the Yoast SEO plugin v27.4 - https:\/\/yoast.com\/product\/yoast-seo-wordpress\/ -->\n<title>Retreats in Morocco | yoga, dance, meditation in the desert | Mhamid Voyages<\/title>\n<meta name=\"description\" content=\"Retreats in Morocco | Our desert camp offers you the perfect place for your retreat. Contact us today to discuss your requirements.\" \/>\n<meta name=\"robots\" content=\"index, follow, max-snippet:-1, max-image-preview:large, max-video-preview:-1\" \/>\n<link rel=\"canonical\" href=\"https:\/\/mhamidvoyages.com\/retraites-desert-maroc-yoga-meditation-therapie\/\" \/>\n<meta property=\"og:locale\" content=\"en_US\" \/>\n<meta property=\"og:type\" content=\"article\" \/>\n<meta property=\"og:title\" content=\"Retreats in Morocco | yoga, dance, meditation in the desert | Mhamid Voyages\" \/>\n<meta property=\"og:description\" content=\"{:en}Retreats in Morocco | Our desert camp offers you the perfect place for your retreat. Contact us today to discuss your requirements.{:}\" \/>\n<meta property=\"og:url\" content=\"https:\/\/mhamidvoyages.com\/retraites-desert-maroc-yoga-meditation-therapie\/\" \/>\n<meta property=\"og:site_name\" content=\"Mhamid Voyages\" \/>\n<meta property=\"article:publisher\" content=\"https:\/\/www.facebook.com\/mhamidvoyages\/\" \/>\n<meta property=\"article:modified_time\" content=\"2023-09-28T18:16:25+00:00\" \/>\n<meta property=\"og:image\" content=\"https:\/\/mhamidvoyages.com\/wpmhamid\/wp-content\/uploads\/2018\/03\/accueil-vignettes-retraites-stages-yoga.jpg\" \/>\n\t<meta property=\"og:image:width\" content=\"800\" \/>\n\t<meta property=\"og:image:height\" content=\"535\" \/>\n\t<meta property=\"og:image:type\" content=\"image\/jpeg\" \/>\n<meta name=\"twitter:card\" content=\"summary_large_image\" \/>\n<meta name=\"twitter:site\" content=\"@VoyagesMhamid\" \/>\n<meta name=\"twitter:label1\" content=\"Est. reading time\" \/>\n\t<meta name=\"twitter:data1\" content=\"3 minutes\" \/>\n<script type=\"application\/ld+json\" class=\"yoast-schema-graph\">{\"@context\":\"https:\\\/\\\/schema.org\",\"@graph\":[{\"@type\":\"WebPage\",\"@id\":\"https:\\\/\\\/mhamidvoyages.com\\\/retraites-desert-maroc-yoga-meditation-therapie\\\/\",\"url\":\"https:\\\/\\\/mhamidvoyages.com\\\/retraites-desert-maroc-yoga-meditation-therapie\\\/\",\"name\":\"Retreats in Morocco | yoga, dance, meditation in the desert | Mhamid Voyages\",\"isPartOf\":{\"@id\":\"https:\\\/\\\/mhamidvoyages.com\\\/#website\"},\"primaryImageOfPage\":{\"@id\":\"https:\\\/\\\/mhamidvoyages.com\\\/retraites-desert-maroc-yoga-meditation-therapie\\\/#primaryimage\"},\"image\":{\"@id\":\"https:\\\/\\\/mhamidvoyages.com\\\/retraites-desert-maroc-yoga-meditation-therapie\\\/#primaryimage\"},\"thumbnailUrl\":\"https:\\\/\\\/mhamidvoyages.com\\\/wpmhamid\\\/wp-content\\\/uploads\\\/2018\\\/03\\\/accueil-vignettes-retraites-stages-yoga.jpg\",\"datePublished\":\"2018-03-30T10:10:57+00:00\",\"dateModified\":\"2023-09-28T18:16:25+00:00\",\"description\":\"{:en}Retreats in Morocco | Our desert camp offers you the perfect place for your retreat. Contact us today to discuss your requirements.{:}\",\"breadcrumb\":{\"@id\":\"https:\\\/\\\/mhamidvoyages.com\\\/retraites-desert-maroc-yoga-meditation-therapie\\\/#breadcrumb\"},\"inLanguage\":\"en-US\",\"potentialAction\":[{\"@type\":\"ReadAction\",\"target\":[\"https:\\\/\\\/mhamidvoyages.com\\\/retraites-desert-maroc-yoga-meditation-therapie\\\/\"]}]},{\"@type\":\"ImageObject\",\"inLanguage\":\"en-US\",\"@id\":\"https:\\\/\\\/mhamidvoyages.com\\\/retraites-desert-maroc-yoga-meditation-therapie\\\/#primaryimage\",\"url\":\"https:\\\/\\\/mhamidvoyages.com\\\/wpmhamid\\\/wp-content\\\/uploads\\\/2018\\\/03\\\/accueil-vignettes-retraites-stages-yoga.jpg\",\"contentUrl\":\"https:\\\/\\\/mhamidvoyages.com\\\/wpmhamid\\\/wp-content\\\/uploads\\\/2018\\\/03\\\/accueil-vignettes-retraites-stages-yoga.jpg\",\"width\":800,\"height\":535,\"caption\":\"Mhamid Voyages\"},{\"@type\":\"BreadcrumbList\",\"@id\":\"https:\\\/\\\/mhamidvoyages.com\\\/retraites-desert-maroc-yoga-meditation-therapie\\\/#breadcrumb\",\"itemListElement\":[{\"@type\":\"ListItem\",\"position\":1,\"name\":\"Accueil\",\"item\":\"https:\\\/\\\/mhamidvoyages.com\\\/en\\\/\"},{\"@type\":\"ListItem\",\"position\":2,\"name\":\"Retraite dans le d\u00e9sert marocain | Voyages stage de yoga, m\u00e9ditation\"}]},{\"@type\":\"WebSite\",\"@id\":\"https:\\\/\\\/mhamidvoyages.com\\\/#website\",\"url\":\"https:\\\/\\\/mhamidvoyages.com\\\/\",\"name\":\"Mhamid Voyages\",\"description\":\"Treks, trips, circuits, bivouacs, s\u00e9jours &amp; randonn\u00e9es dans le d\u00e9sert marocain\",\"publisher\":{\"@id\":\"https:\\\/\\\/mhamidvoyages.com\\\/#organization\"},\"potentialAction\":[{\"@type\":\"SearchAction\",\"target\":{\"@type\":\"EntryPoint\",\"urlTemplate\":\"https:\\\/\\\/mhamidvoyages.com\\\/?s={search_term_string}\"},\"query-input\":{\"@type\":\"PropertyValueSpecification\",\"valueRequired\":true,\"valueName\":\"search_term_string\"}}],\"inLanguage\":\"en-US\"},{\"@type\":\"Organization\",\"@id\":\"https:\\\/\\\/mhamidvoyages.com\\\/#organization\",\"name\":\"Mhamid Voyages\",\"url\":\"https:\\\/\\\/mhamidvoyages.com\\\/\",\"logo\":{\"@type\":\"ImageObject\",\"inLanguage\":\"en-US\",\"@id\":\"https:\\\/\\\/mhamidvoyages.com\\\/#\\\/schema\\\/logo\\\/image\\\/\",\"url\":\"https:\\\/\\\/mhamidvoyages.com\\\/wpmhamid\\\/wp-content\\\/uploads\\\/2018\\\/03\\\/Logo-new-500.png\",\"contentUrl\":\"https:\\\/\\\/mhamidvoyages.com\\\/wpmhamid\\\/wp-content\\\/uploads\\\/2018\\\/03\\\/Logo-new-500.png\",\"width\":460,\"height\":77,\"caption\":\"Mhamid Voyages\"},\"image\":{\"@id\":\"https:\\\/\\\/mhamidvoyages.com\\\/#\\\/schema\\\/logo\\\/image\\\/\"},\"sameAs\":[\"https:\\\/\\\/www.facebook.com\\\/mhamidvoyages\\\/\",\"https:\\\/\\\/x.com\\\/VoyagesMhamid\"]}]}<\/script>\n<!-- \/ Yoast SEO plugin. -->","yoast_head_json":{"title":"Retreats in Morocco | yoga, dance, meditation in the desert | Mhamid Voyages","description":"Retreats in Morocco | Our desert camp offers you the perfect place for your retreat. Contact us today to discuss your requirements.","robots":{"index":"index","follow":"follow","max-snippet":"max-snippet:-1","max-image-preview":"max-image-preview:large","max-video-preview":"max-video-preview:-1"},"canonical":"https:\/\/mhamidvoyages.com\/retraites-desert-maroc-yoga-meditation-therapie\/","og_locale":"en_US","og_type":"article","og_title":"Retreats in Morocco | yoga, dance, meditation in the desert | Mhamid Voyages","og_description":"{:en}Retreats in Morocco | Our desert camp offers you the perfect place for your retreat. Contact us today to discuss your requirements.{:}","og_url":"https:\/\/mhamidvoyages.com\/retraites-desert-maroc-yoga-meditation-therapie\/","og_site_name":"Mhamid Voyages","article_publisher":"https:\/\/www.facebook.com\/mhamidvoyages\/","article_modified_time":"2023-09-28T18:16:25+00:00","og_image":[{"width":800,"height":535,"url":"https:\/\/mhamidvoyages.com\/wpmhamid\/wp-content\/uploads\/2018\/03\/accueil-vignettes-retraites-stages-yoga.jpg","type":"image\/jpeg"}],"twitter_card":"summary_large_image","twitter_site":"@VoyagesMhamid","twitter_misc":{"Est. reading time":"3 minutes"},"schema":{"@context":"https:\/\/schema.org","@graph":[{"@type":"WebPage","@id":"https:\/\/mhamidvoyages.com\/retraites-desert-maroc-yoga-meditation-therapie\/","url":"https:\/\/mhamidvoyages.com\/retraites-desert-maroc-yoga-meditation-therapie\/","name":"Retreats in Morocco | yoga, dance, meditation in the desert | Mhamid Voyages","isPartOf":{"@id":"https:\/\/mhamidvoyages.com\/#website"},"primaryImageOfPage":{"@id":"https:\/\/mhamidvoyages.com\/retraites-desert-maroc-yoga-meditation-therapie\/#primaryimage"},"image":{"@id":"https:\/\/mhamidvoyages.com\/retraites-desert-maroc-yoga-meditation-therapie\/#primaryimage"},"thumbnailUrl":"https:\/\/mhamidvoyages.com\/wpmhamid\/wp-content\/uploads\/2018\/03\/accueil-vignettes-retraites-stages-yoga.jpg","datePublished":"2018-03-30T10:10:57+00:00","dateModified":"2023-09-28T18:16:25+00:00","description":"{:en}Retreats in Morocco | Our desert camp offers you the perfect place for your retreat. Contact us today to discuss your requirements.{:}","breadcrumb":{"@id":"https:\/\/mhamidvoyages.com\/retraites-desert-maroc-yoga-meditation-therapie\/#breadcrumb"},"inLanguage":"en-US","potentialAction":[{"@type":"ReadAction","target":["https:\/\/mhamidvoyages.com\/retraites-desert-maroc-yoga-meditation-therapie\/"]}]},{"@type":"ImageObject","inLanguage":"en-US","@id":"https:\/\/mhamidvoyages.com\/retraites-desert-maroc-yoga-meditation-therapie\/#primaryimage","url":"https:\/\/mhamidvoyages.com\/wpmhamid\/wp-content\/uploads\/2018\/03\/accueil-vignettes-retraites-stages-yoga.jpg","contentUrl":"https:\/\/mhamidvoyages.com\/wpmhamid\/wp-content\/uploads\/2018\/03\/accueil-vignettes-retraites-stages-yoga.jpg","width":800,"height":535,"caption":"Mhamid Voyages"},{"@type":"BreadcrumbList","@id":"https:\/\/mhamidvoyages.com\/retraites-desert-maroc-yoga-meditation-therapie\/#breadcrumb","itemListElement":[{"@type":"ListItem","position":1,"name":"Accueil","item":"https:\/\/mhamidvoyages.com\/en\/"},{"@type":"ListItem","position":2,"name":"Retraite dans le d\u00e9sert marocain | Voyages stage de yoga, m\u00e9ditation"}]},{"@type":"WebSite","@id":"https:\/\/mhamidvoyages.com\/#website","url":"https:\/\/mhamidvoyages.com\/","name":"Mhamid Voyages","description":"Treks, trips, circuits, bivouacs, s\u00e9jours &amp; randonn\u00e9es dans le d\u00e9sert marocain","publisher":{"@id":"https:\/\/mhamidvoyages.com\/#organization"},"potentialAction":[{"@type":"SearchAction","target":{"@type":"EntryPoint","urlTemplate":"https:\/\/mhamidvoyages.com\/?s={search_term_string}"},"query-input":{"@type":"PropertyValueSpecification","valueRequired":true,"valueName":"search_term_string"}}],"inLanguage":"en-US"},{"@type":"Organization","@id":"https:\/\/mhamidvoyages.com\/#organization","name":"Mhamid Voyages","url":"https:\/\/mhamidvoyages.com\/","logo":{"@type":"ImageObject","inLanguage":"en-US","@id":"https:\/\/mhamidvoyages.com\/#\/schema\/logo\/image\/","url":"https:\/\/mhamidvoyages.com\/wpmhamid\/wp-content\/uploads\/2018\/03\/Logo-new-500.png","contentUrl":"https:\/\/mhamidvoyages.com\/wpmhamid\/wp-content\/uploads\/2018\/03\/Logo-new-500.png","width":460,"height":77,"caption":"Mhamid Voyages"},"image":{"@id":"https:\/\/mhamidvoyages.com\/#\/schema\/logo\/image\/"},"sameAs":["https:\/\/www.facebook.com\/mhamidvoyages\/","https:\/\/x.com\/VoyagesMhamid"]}]}},"_links":{"self":[{"href":"https:\/\/mhamidvoyages.com\/en\/wp-json\/wp\/v2\/pages\/100","targetHints":{"allow":["GET"]}}],"collection":[{"href":"https:\/\/mhamidvoyages.com\/en\/wp-json\/wp\/v2\/pages"}],"about":[{"href":"https:\/\/mhamidvoyages.com\/en\/wp-json\/wp\/v2\/types\/page"}],"author":[{"embeddable":true,"href":"https:\/\/mhamidvoyages.com\/en\/wp-json\/wp\/v2\/users\/1"}],"replies":[{"embeddable":true,"href":"https:\/\/mhamidvoyages.com\/en\/wp-json\/wp\/v2\/comments?post=100"}],"version-history":[{"count":58,"href":"https:\/\/mhamidvoyages.com\/en\/wp-json\/wp\/v2\/pages\/100\/revisions"}],"predecessor-version":[{"id":4400,"href":"https:\/\/mhamidvoyages.com\/en\/wp-json\/wp\/v2\/pages\/100\/revisions\/4400"}],"wp:featuredmedia":[{"embeddable":true,"href":"https:\/\/mhamidvoyages.com\/en\/wp-json\/wp\/v2\/media\/105"}],"wp:attachment":[{"href":"https:\/\/mhamidvoyages.com\/en\/wp-json\/wp\/v2\/media?parent=100"}],"curies":[{"name":"wp","href":"https:\/\/api.w.org\/{rel}","templated":true}]}}