{"id":13,"date":"2018-02-13T17:05:03","date_gmt":"2018-02-13T16:05:03","guid":{"rendered":"http:\/\/mhamidvoyages.com\/wpmhamid\/?page_id=13"},"modified":"2021-06-17T12:52:30","modified_gmt":"2021-06-17T10:52:30","slug":"treks-randonnee-maroc-mhamid-erg-montagne-trekking-desert","status":"publish","type":"page","link":"https:\/\/mhamidvoyages.com\/en\/morocco-desert-tours-trek-walking\/","title":{"rendered":"Discover our desert treks in Morocco and make great walking holidays in the Sahara desert"},"content":{"rendered":"<div class=\"wpb-content-wrapper\"><p>[vc_row bottom_padding=&#8221;60&#8243; bg_position=&#8221;left top&#8221;][vc_column width=&#8221;1\/1&#8243;]<h1 class=\"headline font-special fontsize-xxl fontweight-inherit lh-inherit align-center transform-uppercase \" style=\"margin: 0 0 20px 0;\"><strong>Sahara desert trek and walking holidays in the moroccan Sahara desert:<\/strong><\/h1><h2 class=\"headline font-inherit fontsize-m fontweight-inherit lh-inherit align-center transform-inherit \" style=\"margin: 0; color: #999999;\">Trekking and walking holidays in Sahara desert, explore and discover Erg Chigaga, Erg Ezzahar, Oasis&#8230;waking in the desert of Morocco; on sand dunes, see the sun set, camel trek, camping and sleeping under the stars in the Sahara desert is a unique experience holiday to hear the noise of silence.<\/h2>[\/vc_column][\/vc_row][vc_row bg_image=&#8221;14077&#8243; bottom_padding=&#8221;100&#8243;][vc_column width=&#8221;1\/4&#8243;]<div onclick=\"location.href='https:\/\/mhamidvoyages.com\/treks-randonee-maroc-mhamid-erg-montagne-trekking-desert\/1-trek-desert-maroc-pas-cher-une-nuit\/';\" style=\"cursor:pointer;\"><div class=\"flip\"><div class=\"iconbox  iconbox-style-9 icon-color-accent color-dark card clearfix\"><div class=\"iconbox-box1 face front\"><table><tr><td><img src='https:\/\/mhamidvoyages.com\/wpmhamid\/wp-content\/uploads\/2018\/05\/vignette-trek-1.jpg' class='iconimg' alt='Camel trip and a night in Moroccan Sahara desert camp' \/><h3>Camel trip and a night in Moroccan Sahara desert camp<\/h3><\/td><\/tr><\/table><\/div><div class=\"iconbox-box2 face back\"><table><tr><td><h3>Camel trip and a night in Moroccan Sahara desert camp<\/h3><p>The camel trip in the Sahara desert from M&#8217;hamid with a night in the desert camp give you a nice experience to enjoy your Morocco desert trip<\/p><\/td><\/tr><\/table><\/div><\/div><\/div><\/div>[\/vc_column][vc_column width=&#8221;1\/4&#8243;]<div onclick=\"location.href='https:\/\/mhamidvoyages.com\/en\/morocco-desert-tours-trek-walking\/short-cheap-trek-sahara-desert\/';\" style=\"cursor:pointer;\"><div class=\"flip\"><div class=\"iconbox  iconbox-style-9 icon-color-accent color-dark card clearfix\"><div class=\"iconbox-box1 face front\"><table><tr><td><img src='https:\/\/mhamidvoyages.com\/wpmhamid\/wp-content\/uploads\/2018\/05\/vignette-trek-2.jpg' class='iconimg' alt=' Desert trek from M&#039;hamid - Sahara desert discovery 2 days' \/><h3> Desert trek from M&#039;hamid - Sahara desert discovery 2 days<\/h3><\/td><\/tr><\/table><\/div><div class=\"iconbox-box2 face back\"><table><tr><td><h3> Desert trek from M&#039;hamid - Sahara desert discovery 2 days<\/h3><p>Short and cheap trek in the Sahara desert; these 2 days camel trekking in the Moroccan desert from M&#8217;hamid give you the opportunity to walk and discover the wild Sahara nature.<\/p><\/td><\/tr><\/table><\/div><\/div><\/div><\/div>[\/vc_column][vc_column width=&#8221;1\/4&#8243;]<div onclick=\"location.href='https:\/\/mhamidvoyages.com\/treks\/3-le-chemin-du-nomade-4-nuits-3-jours\/';\" style=\"cursor:pointer;\"><div class=\"flip\"><div class=\"iconbox  iconbox-style-9 icon-color-accent color-dark card clearfix\"><div class=\"iconbox-box1 face front\"><table><tr><td><img src='https:\/\/mhamidvoyages.com\/wpmhamid\/wp-content\/uploads\/2018\/05\/vignette-trek-3.jpg' class='iconimg' alt='Family Trek in Morocco to explore Sahara desert - 3 days' \/><h3>Family Trek in Morocco to explore Sahara desert - 3 days<\/h3><\/td><\/tr><\/table><\/div><div class=\"iconbox-box2 face back\"><table><tr><td><h3>Family Trek in Morocco to explore Sahara desert - 3 days<\/h3><p>Sahara desert of Morocco became a famous destination for Family trekking and walking holidays. We offer a variety of family trek holidays in Sahara desert, tailored to meet the desire of our highly valued clients.<\/p><\/td><\/tr><\/table><\/div><\/div><\/div><\/div>[\/vc_column][vc_column width=&#8221;1\/4&#8243;]<div onclick=\"location.href='https:\/\/mhamidvoyages.com\/treks\/4-erg-hurlant-erg-ezzahar-5-nuits-4-jours\/';\" style=\"cursor:pointer;\"><div class=\"flip\"><div class=\"iconbox  iconbox-style-9 icon-color-accent color-dark card clearfix\"><div class=\"iconbox-box1 face front\"><table><tr><td><img src='https:\/\/mhamidvoyages.com\/wpmhamid\/wp-content\/uploads\/2018\/05\/vignette-trek-4.jpg' class='iconimg' alt='4 days Hiking Sahara Desert Tour' \/><h3>4 days Hiking Sahara Desert Tour<\/h3><\/td><\/tr><\/table><\/div><div class=\"iconbox-box2 face back\"><table><tr><td><h3>4 days Hiking Sahara Desert Tour<\/h3><p>A 4 days hike and tour holiday in Sahara desert of Morocco with nomadic people and their camels through the amazing Erg Ezzahar dunes. Camping, trekking and sleeping under the stars in the Sahara desert with camels support.<\/p><\/td><\/tr><\/table><\/div><\/div><\/div><\/div>[\/vc_column][\/vc_row][vc_row bg_image=&#8221;14077&#8243; bottom_padding=&#8221;100&#8243;][vc_column width=&#8221;1\/4&#8243;]<div onclick=\"location.href='https:\/\/mhamidvoyages.com\/treks-randonee-maroc-mhamid-erg-montagne-trekking-desert\/5-trek-a-erg-chegaga-5-nuits-5-jours\/';\" style=\"cursor:pointer;\"><div class=\"flip\"><div class=\"iconbox  iconbox-style-9 icon-color-accent color-dark card clearfix\"><div class=\"iconbox-box1 face front\"><table><tr><td><img src='https:\/\/mhamidvoyages.com\/wpmhamid\/wp-content\/uploads\/2018\/05\/vignette-trek-5.jpg' class='iconimg' alt='Desert Trek to Erg Chigaga Dunes (Chegaga)' \/><h3>Desert Trek to Erg Chigaga Dunes (Chegaga)<\/h3><\/td><\/tr><\/table><\/div><div class=\"iconbox-box2 face back\"><table><tr><td><h3>Desert Trek to Erg Chigaga Dunes (Chegaga)<\/h3><p>Camel trekking to Erg Chigaga dunes (Chegaga) give you the opportunity to explore the longest and largest dunes in Morocco. Trekking and walking in Sahara desert on the rhythm of camels through a beautiful and wonderful parts of the big desert.<\/p><\/td><\/tr><\/table><\/div><\/div><\/div><\/div>[\/vc_column][vc_column width=&#8221;1\/4&#8243;]<div onclick=\"location.href='https:\/\/mhamidvoyages.com\/treks-randonee-maroc-mhamid-erg-montagne-trekking-desert\/6-lesprit-du-desert-6-nuits-5-jours\/';\" style=\"cursor:pointer;\"><div class=\"flip\"><div class=\"iconbox  iconbox-style-9 icon-color-accent color-dark card clearfix\"><div class=\"iconbox-box1 face front\"><table><tr><td><img src='https:\/\/mhamidvoyages.com\/wpmhamid\/wp-content\/uploads\/2018\/05\/vignette-trek-6.jpg' class='iconimg' alt='Camel trekking and spirit walking holiday in the Moroccan Sahara Desert' \/><h3>Camel trekking and spirit walking holiday in the Moroccan Sahara Desert<\/h3><\/td><\/tr><\/table><\/div><div class=\"iconbox-box2 face back\"><table><tr><td><h3>Camel trekking and spirit walking holiday in the Moroccan Sahara Desert<\/h3><p>5 days camel Trekking through Sahara desert landscapes, walking and hiking on the Sahara dunes including wild camping, ambiance around the fire, there are no lights, no pollution, just Sahara\u2019s peaceful of the sound of the silence and night sky littered with stars.<\/p><\/td><\/tr><\/table><\/div><\/div><\/div><\/div>[\/vc_column][vc_column width=&#8221;1\/4&#8243;]<div onclick=\"location.href='https:\/\/mhamidvoyages.com\/treks-randonee-maroc-mhamid-erg-montagne-trekking-desert\/7-8-jours-au-depart-de-marrakech-avec-6-nuits-5-jours-dans-le-desert\/';\" style=\"cursor:pointer;\"><div class=\"flip\"><div class=\"iconbox  iconbox-style-9 icon-color-accent color-dark card clearfix\"><div class=\"iconbox-box1 face front\"><table><tr><td><img src='https:\/\/mhamidvoyages.com\/wpmhamid\/wp-content\/uploads\/2018\/05\/vignette-trek-7.jpg' class='iconimg' alt='Desert tour from Marrakech with 5 days camel trekking in the Sahara desert' \/><h3>Desert tour from Marrakech with 5 days camel trekking in the Sahara desert<\/h3><\/td><\/tr><\/table><\/div><div class=\"iconbox-box2 face back\"><table><tr><td><h3>Desert tour from Marrakech with 5 days camel trekking in the Sahara desert<\/h3><p>8 days trek and tour from Marrakech to Sahara desert, through Atlas mountains, Ait Benhaddou kasbah, desert oasis with 5 days camel trek and nights camping under stars deeper of largest desert.<\/p><\/td><\/tr><\/table><\/div><\/div><\/div><\/div>[\/vc_column][vc_column width=&#8221;1\/4&#8243;]<div onclick=\"location.href='https:\/\/mhamidvoyages.com\/treks-randonee-maroc-mhamid-erg-montagne-trekking-desert\/8-trek-sur-mesure\/';\" style=\"cursor:pointer;\"><div class=\"flip\"><div class=\"iconbox  iconbox-style-9 icon-color-accent color-dark card clearfix\"><div class=\"iconbox-box1 face front\"><table><tr><td><img src='https:\/\/mhamidvoyages.com\/wpmhamid\/wp-content\/uploads\/2018\/05\/vignette-trek-8.jpg' class='iconimg' alt='Bespoke, tailor made; Morocco desert trek - Morocco desert tours' \/><h3>Bespoke, tailor made; Morocco desert trek - Morocco desert tours<\/h3><\/td><\/tr><\/table><\/div><div class=\"iconbox-box2 face back\"><table><tr><td><h3>Bespoke, tailor made; Morocco desert trek - Morocco desert tours<\/h3><p>Whether you are alone, couple, family, friends, or a small group; Mhamid Voyages offers; Morocco desert trek, Morocco desert tours, excursions, bespoke and tailor-made holidays in the Moroccan Sahara desert.<\/p><\/td><\/tr><\/table><\/div><\/div><\/div><\/div>[\/vc_column][\/vc_row][vc_row][vc_column width=&#8221;1\/1&#8243;]<h2 class=\"headline font-inherit fontsize-xl fontweight-inherit lh-inherit align-center transform-inherit \" style=\"margin: 0 0 20px 0;\">Whether you are alone, couple, family, friends, or a smoll group; Mhamid Voyages offers Sahara desert trek, trips, excursions and tailor-made walking holidays in the Moroccan Sahara desert.<\/h2>[\/vc_column][\/vc_row][vc_row type=&#8221;full_width_section&#8221;][vc_column width=&#8221;1\/1&#8243;]<div class=\"callout clearfix\" style=\"background-color:#f38d2c; color:#ffffff;\">\n\t\t<div class=\"callout-text\">Contact us for rates and more information<\/div>\n\t\t\t<div class=\"callout-button\"><a class=\"button medium color-4\" href=\"https:\/\/mhamidvoyages.com\/en\/contact-desert-marocain-treks-sejour-randonnees-vacances\/\" target=\"_self\">Contact<\/a><\/div>\n\t\t<\/div>[\/vc_column][\/vc_row]<\/p>\n<\/div>","protected":false},"excerpt":{"rendered":"<p>[vc_row bottom_padding=&#8221;60&#8243; bg_position=&#8221;left top&#8221;][vc_column width=&#8221;1\/1&#8243;][\/vc_column][\/vc_row][vc_row bg_image=&#8221;14077&#8243; bottom_padding=&#8221;100&#8243;][vc_column width=&#8221;1\/4&#8243;][\/vc_column][vc_column width=&#8221;1\/4&#8243;][\/vc_column][vc_column width=&#8221;1\/4&#8243;][\/vc_column][vc_column width=&#8221;1\/4&#8243;][\/vc_column][\/vc_row][vc_row bg_image=&#8221;14077&#8243; bottom_padding=&#8221;100&#8243;][vc_column width=&#8221;1\/4&#8243;][\/vc_column][vc_column width=&#8221;1\/4&#8243;][\/vc_column][vc_column width=&#8221;1\/4&#8243;][\/vc_column][vc_column width=&#8221;1\/4&#8243;][\/vc_column][\/vc_row][vc_row][vc_column width=&#8221;1\/1&#8243;][\/vc_column][\/vc_row][vc_row type=&#8221;full_width_section&#8221;][vc_column width=&#8221;1\/1&#8243;][\/vc_column][\/vc_row]<\/p>\n","protected":false},"author":1,"featured_media":334,"parent":0,"menu_order":0,"comment_status":"closed","ping_status":"closed","template":"","meta":{"footnotes":""},"class_list":["post-13","page","type-page","status-publish","has-post-thumbnail","hentry"],"yoast_head":"<!-- This site is optimized with the Yoast SEO plugin v27.4 - https:\/\/yoast.com\/product\/yoast-seo-wordpress\/ -->\n<title>Discover our desert treks in Morocco and make great walking holidays in the Sahara desert | Mhamid Voyages<\/title>\n<meta name=\"description\" content=\"Desert Treks | Enjoy the beauty of the Sahara Desert with our tailor-made desert holidays and trekking. Contact us to find out more.\" \/>\n<meta name=\"robots\" content=\"index, follow, max-snippet:-1, max-image-preview:large, max-video-preview:-1\" \/>\n<link rel=\"canonical\" href=\"https:\/\/mhamidvoyages.com\/treks-voyage-maroc\/\" \/>\n<meta property=\"og:locale\" content=\"en_US\" \/>\n<meta property=\"og:type\" content=\"article\" \/>\n<meta property=\"og:title\" content=\"Discover our desert treks in Morocco and make great walking holidays in the Sahara desert | Mhamid Voyages\" \/>\n<meta property=\"og:description\" content=\"{:en}Desert Treks | Enjoy the beauty of the Sahara Desert with our tailor-made desert holidays and trekking. Contact us to find out more.{:}\" \/>\n<meta property=\"og:url\" content=\"https:\/\/mhamidvoyages.com\/treks-voyage-maroc\/\" \/>\n<meta property=\"og:site_name\" content=\"Mhamid Voyages\" \/>\n<meta property=\"article:publisher\" content=\"https:\/\/www.facebook.com\/mhamidvoyages\/\" \/>\n<meta property=\"article:modified_time\" content=\"2021-06-17T10:52:30+00:00\" \/>\n<meta property=\"og:image\" content=\"https:\/\/mhamidvoyages.com\/wpmhamid\/wp-content\/uploads\/2018\/05\/vignette-trek-3.jpg\" \/>\n\t<meta property=\"og:image:width\" content=\"240\" \/>\n\t<meta property=\"og:image:height\" content=\"240\" \/>\n\t<meta property=\"og:image:type\" content=\"image\/jpeg\" \/>\n<meta name=\"twitter:card\" content=\"summary_large_image\" \/>\n<meta name=\"twitter:site\" content=\"@VoyagesMhamid\" \/>\n<meta name=\"twitter:label1\" content=\"Est. reading time\" \/>\n\t<meta name=\"twitter:data1\" content=\"6 minutes\" \/>\n<script type=\"application\/ld+json\" class=\"yoast-schema-graph\">{\"@context\":\"https:\\\/\\\/schema.org\",\"@graph\":[{\"@type\":\"WebPage\",\"@id\":\"https:\\\/\\\/mhamidvoyages.com\\\/treks-voyage-maroc\\\/\",\"url\":\"https:\\\/\\\/mhamidvoyages.com\\\/treks-voyage-maroc\\\/\",\"name\":\"Discover our desert treks in Morocco and make great walking holidays in the Sahara desert | Mhamid Voyages\",\"isPartOf\":{\"@id\":\"https:\\\/\\\/mhamidvoyages.com\\\/#website\"},\"primaryImageOfPage\":{\"@id\":\"https:\\\/\\\/mhamidvoyages.com\\\/treks-voyage-maroc\\\/#primaryimage\"},\"image\":{\"@id\":\"https:\\\/\\\/mhamidvoyages.com\\\/treks-voyage-maroc\\\/#primaryimage\"},\"thumbnailUrl\":\"https:\\\/\\\/mhamidvoyages.com\\\/wpmhamid\\\/wp-content\\\/uploads\\\/2018\\\/05\\\/vignette-trek-3.jpg\",\"datePublished\":\"2018-02-13T16:05:03+00:00\",\"dateModified\":\"2021-06-17T10:52:30+00:00\",\"description\":\"{:en}Desert Treks | Enjoy the beauty of the Sahara Desert with our tailor-made desert holidays and trekking. Contact us to find out more.{:}\",\"breadcrumb\":{\"@id\":\"https:\\\/\\\/mhamidvoyages.com\\\/treks-voyage-maroc\\\/#breadcrumb\"},\"inLanguage\":\"en-US\",\"potentialAction\":[{\"@type\":\"ReadAction\",\"target\":[\"https:\\\/\\\/mhamidvoyages.com\\\/treks-voyage-maroc\\\/\"]}]},{\"@type\":\"ImageObject\",\"inLanguage\":\"en-US\",\"@id\":\"https:\\\/\\\/mhamidvoyages.com\\\/treks-voyage-maroc\\\/#primaryimage\",\"url\":\"https:\\\/\\\/mhamidvoyages.com\\\/wpmhamid\\\/wp-content\\\/uploads\\\/2018\\\/05\\\/vignette-trek-3.jpg\",\"contentUrl\":\"https:\\\/\\\/mhamidvoyages.com\\\/wpmhamid\\\/wp-content\\\/uploads\\\/2018\\\/05\\\/vignette-trek-3.jpg\",\"width\":240,\"height\":240,\"caption\":\"Mhamid Voyages\"},{\"@type\":\"BreadcrumbList\",\"@id\":\"https:\\\/\\\/mhamidvoyages.com\\\/treks-voyage-maroc\\\/#breadcrumb\",\"itemListElement\":[{\"@type\":\"ListItem\",\"position\":1,\"name\":\"Accueil\",\"item\":\"https:\\\/\\\/mhamidvoyages.com\\\/en\\\/\"},{\"@type\":\"ListItem\",\"position\":2,\"name\":\"Trek d\u00e9sert Maroc &#8211; Randonn\u00e9e et marche dans le d\u00e9sert marocain\"}]},{\"@type\":\"WebSite\",\"@id\":\"https:\\\/\\\/mhamidvoyages.com\\\/#website\",\"url\":\"https:\\\/\\\/mhamidvoyages.com\\\/\",\"name\":\"Mhamid Voyages\",\"description\":\"Treks, trips, circuits, bivouacs, s\u00e9jours &amp; randonn\u00e9es dans le d\u00e9sert marocain\",\"publisher\":{\"@id\":\"https:\\\/\\\/mhamidvoyages.com\\\/#organization\"},\"potentialAction\":[{\"@type\":\"SearchAction\",\"target\":{\"@type\":\"EntryPoint\",\"urlTemplate\":\"https:\\\/\\\/mhamidvoyages.com\\\/?s={search_term_string}\"},\"query-input\":{\"@type\":\"PropertyValueSpecification\",\"valueRequired\":true,\"valueName\":\"search_term_string\"}}],\"inLanguage\":\"en-US\"},{\"@type\":\"Organization\",\"@id\":\"https:\\\/\\\/mhamidvoyages.com\\\/#organization\",\"name\":\"Mhamid Voyages\",\"url\":\"https:\\\/\\\/mhamidvoyages.com\\\/\",\"logo\":{\"@type\":\"ImageObject\",\"inLanguage\":\"en-US\",\"@id\":\"https:\\\/\\\/mhamidvoyages.com\\\/#\\\/schema\\\/logo\\\/image\\\/\",\"url\":\"https:\\\/\\\/mhamidvoyages.com\\\/wpmhamid\\\/wp-content\\\/uploads\\\/2018\\\/03\\\/Logo-new-500.png\",\"contentUrl\":\"https:\\\/\\\/mhamidvoyages.com\\\/wpmhamid\\\/wp-content\\\/uploads\\\/2018\\\/03\\\/Logo-new-500.png\",\"width\":460,\"height\":77,\"caption\":\"Mhamid Voyages\"},\"image\":{\"@id\":\"https:\\\/\\\/mhamidvoyages.com\\\/#\\\/schema\\\/logo\\\/image\\\/\"},\"sameAs\":[\"https:\\\/\\\/www.facebook.com\\\/mhamidvoyages\\\/\",\"https:\\\/\\\/x.com\\\/VoyagesMhamid\"]}]}<\/script>\n<!-- \/ Yoast SEO plugin. -->","yoast_head_json":{"title":"Discover our desert treks in Morocco and make great walking holidays in the Sahara desert | Mhamid Voyages","description":"Desert Treks | Enjoy the beauty of the Sahara Desert with our tailor-made desert holidays and trekking. Contact us to find out more.","robots":{"index":"index","follow":"follow","max-snippet":"max-snippet:-1","max-image-preview":"max-image-preview:large","max-video-preview":"max-video-preview:-1"},"canonical":"https:\/\/mhamidvoyages.com\/treks-voyage-maroc\/","og_locale":"en_US","og_type":"article","og_title":"Discover our desert treks in Morocco and make great walking holidays in the Sahara desert | Mhamid Voyages","og_description":"{:en}Desert Treks | Enjoy the beauty of the Sahara Desert with our tailor-made desert holidays and trekking. Contact us to find out more.{:}","og_url":"https:\/\/mhamidvoyages.com\/treks-voyage-maroc\/","og_site_name":"Mhamid Voyages","article_publisher":"https:\/\/www.facebook.com\/mhamidvoyages\/","article_modified_time":"2021-06-17T10:52:30+00:00","og_image":[{"width":240,"height":240,"url":"https:\/\/mhamidvoyages.com\/wpmhamid\/wp-content\/uploads\/2018\/05\/vignette-trek-3.jpg","type":"image\/jpeg"}],"twitter_card":"summary_large_image","twitter_site":"@VoyagesMhamid","twitter_misc":{"Est. reading time":"6 minutes"},"schema":{"@context":"https:\/\/schema.org","@graph":[{"@type":"WebPage","@id":"https:\/\/mhamidvoyages.com\/treks-voyage-maroc\/","url":"https:\/\/mhamidvoyages.com\/treks-voyage-maroc\/","name":"Discover our desert treks in Morocco and make great walking holidays in the Sahara desert | Mhamid Voyages","isPartOf":{"@id":"https:\/\/mhamidvoyages.com\/#website"},"primaryImageOfPage":{"@id":"https:\/\/mhamidvoyages.com\/treks-voyage-maroc\/#primaryimage"},"image":{"@id":"https:\/\/mhamidvoyages.com\/treks-voyage-maroc\/#primaryimage"},"thumbnailUrl":"https:\/\/mhamidvoyages.com\/wpmhamid\/wp-content\/uploads\/2018\/05\/vignette-trek-3.jpg","datePublished":"2018-02-13T16:05:03+00:00","dateModified":"2021-06-17T10:52:30+00:00","description":"{:en}Desert Treks | Enjoy the beauty of the Sahara Desert with our tailor-made desert holidays and trekking. Contact us to find out more.{:}","breadcrumb":{"@id":"https:\/\/mhamidvoyages.com\/treks-voyage-maroc\/#breadcrumb"},"inLanguage":"en-US","potentialAction":[{"@type":"ReadAction","target":["https:\/\/mhamidvoyages.com\/treks-voyage-maroc\/"]}]},{"@type":"ImageObject","inLanguage":"en-US","@id":"https:\/\/mhamidvoyages.com\/treks-voyage-maroc\/#primaryimage","url":"https:\/\/mhamidvoyages.com\/wpmhamid\/wp-content\/uploads\/2018\/05\/vignette-trek-3.jpg","contentUrl":"https:\/\/mhamidvoyages.com\/wpmhamid\/wp-content\/uploads\/2018\/05\/vignette-trek-3.jpg","width":240,"height":240,"caption":"Mhamid Voyages"},{"@type":"BreadcrumbList","@id":"https:\/\/mhamidvoyages.com\/treks-voyage-maroc\/#breadcrumb","itemListElement":[{"@type":"ListItem","position":1,"name":"Accueil","item":"https:\/\/mhamidvoyages.com\/en\/"},{"@type":"ListItem","position":2,"name":"Trek d\u00e9sert Maroc &#8211; Randonn\u00e9e et marche dans le d\u00e9sert marocain"}]},{"@type":"WebSite","@id":"https:\/\/mhamidvoyages.com\/#website","url":"https:\/\/mhamidvoyages.com\/","name":"Mhamid Voyages","description":"Treks, trips, circuits, bivouacs, s\u00e9jours &amp; randonn\u00e9es dans le d\u00e9sert marocain","publisher":{"@id":"https:\/\/mhamidvoyages.com\/#organization"},"potentialAction":[{"@type":"SearchAction","target":{"@type":"EntryPoint","urlTemplate":"https:\/\/mhamidvoyages.com\/?s={search_term_string}"},"query-input":{"@type":"PropertyValueSpecification","valueRequired":true,"valueName":"search_term_string"}}],"inLanguage":"en-US"},{"@type":"Organization","@id":"https:\/\/mhamidvoyages.com\/#organization","name":"Mhamid Voyages","url":"https:\/\/mhamidvoyages.com\/","logo":{"@type":"ImageObject","inLanguage":"en-US","@id":"https:\/\/mhamidvoyages.com\/#\/schema\/logo\/image\/","url":"https:\/\/mhamidvoyages.com\/wpmhamid\/wp-content\/uploads\/2018\/03\/Logo-new-500.png","contentUrl":"https:\/\/mhamidvoyages.com\/wpmhamid\/wp-content\/uploads\/2018\/03\/Logo-new-500.png","width":460,"height":77,"caption":"Mhamid Voyages"},"image":{"@id":"https:\/\/mhamidvoyages.com\/#\/schema\/logo\/image\/"},"sameAs":["https:\/\/www.facebook.com\/mhamidvoyages\/","https:\/\/x.com\/VoyagesMhamid"]}]}},"_links":{"self":[{"href":"https:\/\/mhamidvoyages.com\/en\/wp-json\/wp\/v2\/pages\/13","targetHints":{"allow":["GET"]}}],"collection":[{"href":"https:\/\/mhamidvoyages.com\/en\/wp-json\/wp\/v2\/pages"}],"about":[{"href":"https:\/\/mhamidvoyages.com\/en\/wp-json\/wp\/v2\/types\/page"}],"author":[{"embeddable":true,"href":"https:\/\/mhamidvoyages.com\/en\/wp-json\/wp\/v2\/users\/1"}],"replies":[{"embeddable":true,"href":"https:\/\/mhamidvoyages.com\/en\/wp-json\/wp\/v2\/comments?post=13"}],"version-history":[{"count":90,"href":"https:\/\/mhamidvoyages.com\/en\/wp-json\/wp\/v2\/pages\/13\/revisions"}],"predecessor-version":[{"id":769,"href":"https:\/\/mhamidvoyages.com\/en\/wp-json\/wp\/v2\/pages\/13\/revisions\/769"}],"wp:featuredmedia":[{"embeddable":true,"href":"https:\/\/mhamidvoyages.com\/en\/wp-json\/wp\/v2\/media\/334"}],"wp:attachment":[{"href":"https:\/\/mhamidvoyages.com\/en\/wp-json\/wp\/v2\/media?parent=13"}],"curies":[{"name":"wp","href":"https:\/\/api.w.org\/{rel}","templated":true}]}}