{"id":169,"date":"2018-03-31T13:39:03","date_gmt":"2018-03-31T11:39:03","guid":{"rendered":"https:\/\/mhamidvoyages.com\/wpmhamid\/?page_id=169"},"modified":"2025-08-10T13:40:30","modified_gmt":"2025-08-10T11:40:30","slug":"1-trek-desert-maroc-pas-cher-une-nuit","status":"publish","type":"page","link":"https:\/\/mhamidvoyages.com\/en\/morocco-desert-tours-trek-walking\/sahara-desert-trip-one-night\/","title":{"rendered":"1. Camel trip and a night in Moroccan Sahara desert"},"content":{"rendered":"<div class=\"wpb-content-wrapper\"><p>[vc_row top_padding=&#8221;40&#8243; bottom_padding=&#8221;60&#8243; bg_position=&#8221;left top&#8221;][vc_column width=&#8221;1\/1&#8243;]<h1 class=\"headline font-inherit fontsize-xxl fontweight-inherit lh-inherit align-center transform-uppercase \" style=\"margin: 0 0 20px 0;\">Camel trip and a night in Moroccan Sahara desert\/Oasis<\/h1><h2 class=\"headline font-inherit fontsize-m fontweight-inherit lh-inherit align-center transform-inherit \" style=\"margin: 0; color: #999999;\">The camel trip in the Sahara desert from M&#8217;hamid with a night in the Sahara Oasis desert camp give you a nice experience to enjoy your Morocco desert trip.<\/h2>[\/vc_column][\/vc_row][vc_row bg_color=&#8221;#ffffff&#8221; bottom_padding=&#8221;60&#8243; bg_position=&#8221;left top&#8221;][vc_column width=&#8221;1\/2&#8243;]<h1 class=\"headline font-inherit fontsize-l fontweight-300 lh-inherit align-center transform-inherit \" style=\"margin: 0 0 20px 0;\"> Camel ride itinerary<\/h1>[vc_column_text]We welcome you in the village of Mhamid in the afternoon, then you have camel ride in the Sahara desert with its palm trees and sand dunes. you continue by camel to our Sahara Oasis desert camp where we welcome you in the nomadic tradition, with tea served on your arrival.<\/p>\n<p>You will discover the area and admire the sunset on the nearly dune. Afterwards a traditional dinner will be served by candlelight. You will spend the overnight in a Sahara desert bungalow or sleeping under the stars in the camp, according to your wishes.<\/p>\n<p>The following morning, after breakfast, we take you back to the village of Mhamid.[\/vc_column_text][\/vc_column][vc_column width=&#8221;1\/2&#8243;]<h1 class=\"headline font-inherit fontsize-l fontweight-300 lh-inherit align-center transform-inherit \" style=\"margin: 0 0 20px 0;\">Organization<\/h1>[vc_column_text]<strong>Our Oasis Desert Camp:<\/strong> Comfort in the heart of the oasis and the desert (to 6 km) of village. The camp is composed of 7 traditional earthen Sahara desert bungalows (equipped with comfortable beds, blankets and sheets), tent, fireplace, carpets, hot showers and toilets.<\/p>\n<p>Included:<\/p>\n<ul>\n<li>A night at the camp with half board.<\/li>\n<\/ul>\n<ul>\n<li>The camel ride<\/li>\n<\/ul>\n<p>[\/vc_column_text]<div class=\"iconbox  iconbox-style-7 icon-color-accent color-dark clearfix\"><i class=\"fa fa-eur boxicon\" style=\"\"><\/i><h3>60 \u20ac per person<\/h3><p><\/p><\/div>[\/vc_column][\/vc_row][vc_row][vc_column width=&#8221;1\/1&#8243;]<div class=\"divider divider8\" style='margin:10px 0 60px 0 !important;'><div class=\"divider-icon\"><i class=\"fa fa-camera\"><\/i><\/div><\/div><div class=\"gallery-style-2\">\n\t\t<style type=\"text\/css\">\n\t\t\t#gallery-2 {\n\t\t\t\tmargin: auto;\n\t\t\t}\n\t\t\t#gallery-2 .gallery-item {\n\t\t\t\tfloat: left;\n\t\t\t\tmargin-top: 10px;\n\t\t\t\ttext-align: center;\n\t\t\t\twidth: 25%;\n\t\t\t}\n\t\t\t#gallery-2 img {\n\t\t\t\tborder: 2px solid #cfcfcf;\n\t\t\t}\n\t\t\t#gallery-2 .gallery-caption {\n\t\t\t\tmargin-left: 0;\n\t\t\t}\n\t\t\t\/* see gallery_shortcode() in wp-includes\/media.php *\/\n\t\t<\/style>\n\t\t<div id='gallery-2' class='gallery galleryid-169 gallery-columns-4 gallery-size-thumbnail'><dl class='gallery-item'>\n\t\t\t<dt class='gallery-icon landscape'>\n\t\t\t\t<a rel=\"prettyPhoto[pp_gal]\" href='https:\/\/mhamidvoyages.com\/wpmhamid\/wp-content\/uploads\/2018\/03\/trek-maroc-1jour-1.jpg'><img loading=\"lazy\" decoding=\"async\" width=\"150\" height=\"150\" src=\"https:\/\/mhamidvoyages.com\/wpmhamid\/wp-content\/uploads\/2018\/03\/trek-maroc-1jour-1-150x150.jpg\" class=\"attachment-thumbnail size-thumbnail\" alt=\"\" srcset=\"https:\/\/mhamidvoyages.com\/wpmhamid\/wp-content\/uploads\/2018\/03\/trek-maroc-1jour-1-150x150.jpg 150w, https:\/\/mhamidvoyages.com\/wpmhamid\/wp-content\/uploads\/2018\/03\/trek-maroc-1jour-1-300x300.jpg 300w, https:\/\/mhamidvoyages.com\/wpmhamid\/wp-content\/uploads\/2018\/03\/trek-maroc-1jour-1-768x768.jpg 768w, https:\/\/mhamidvoyages.com\/wpmhamid\/wp-content\/uploads\/2018\/03\/trek-maroc-1jour-1-80x80.jpg 80w, https:\/\/mhamidvoyages.com\/wpmhamid\/wp-content\/uploads\/2018\/03\/trek-maroc-1jour-1-500x500.jpg 500w, https:\/\/mhamidvoyages.com\/wpmhamid\/wp-content\/uploads\/2018\/03\/trek-maroc-1jour-1.jpg 1000w\" sizes=\"auto, (max-width: 150px) 100vw, 150px\" \/><\/a>\n\t\t\t<\/dt><\/dl><dl class='gallery-item'>\n\t\t\t<dt class='gallery-icon landscape'>\n\t\t\t\t<a rel=\"prettyPhoto[pp_gal]\" href='https:\/\/mhamidvoyages.com\/wpmhamid\/wp-content\/uploads\/2018\/03\/trek-maroc-1jour-8.jpg'><img loading=\"lazy\" decoding=\"async\" width=\"150\" height=\"150\" src=\"https:\/\/mhamidvoyages.com\/wpmhamid\/wp-content\/uploads\/2018\/03\/trek-maroc-1jour-8-150x150.jpg\" class=\"attachment-thumbnail size-thumbnail\" alt=\"\" srcset=\"https:\/\/mhamidvoyages.com\/wpmhamid\/wp-content\/uploads\/2018\/03\/trek-maroc-1jour-8-150x150.jpg 150w, https:\/\/mhamidvoyages.com\/wpmhamid\/wp-content\/uploads\/2018\/03\/trek-maroc-1jour-8-300x300.jpg 300w, https:\/\/mhamidvoyages.com\/wpmhamid\/wp-content\/uploads\/2018\/03\/trek-maroc-1jour-8-768x768.jpg 768w, https:\/\/mhamidvoyages.com\/wpmhamid\/wp-content\/uploads\/2018\/03\/trek-maroc-1jour-8-80x80.jpg 80w, https:\/\/mhamidvoyages.com\/wpmhamid\/wp-content\/uploads\/2018\/03\/trek-maroc-1jour-8-500x500.jpg 500w, https:\/\/mhamidvoyages.com\/wpmhamid\/wp-content\/uploads\/2018\/03\/trek-maroc-1jour-8.jpg 1000w\" sizes=\"auto, (max-width: 150px) 100vw, 150px\" \/><\/a>\n\t\t\t<\/dt><\/dl><dl class='gallery-item'>\n\t\t\t<dt class='gallery-icon landscape'>\n\t\t\t\t<a rel=\"prettyPhoto[pp_gal]\" href='https:\/\/mhamidvoyages.com\/wpmhamid\/wp-content\/uploads\/2018\/03\/trek-maroc-1jour-7.jpg'><img loading=\"lazy\" decoding=\"async\" width=\"150\" height=\"150\" src=\"https:\/\/mhamidvoyages.com\/wpmhamid\/wp-content\/uploads\/2018\/03\/trek-maroc-1jour-7-150x150.jpg\" class=\"attachment-thumbnail size-thumbnail\" alt=\"\" srcset=\"https:\/\/mhamidvoyages.com\/wpmhamid\/wp-content\/uploads\/2018\/03\/trek-maroc-1jour-7-150x150.jpg 150w, https:\/\/mhamidvoyages.com\/wpmhamid\/wp-content\/uploads\/2018\/03\/trek-maroc-1jour-7-300x300.jpg 300w, https:\/\/mhamidvoyages.com\/wpmhamid\/wp-content\/uploads\/2018\/03\/trek-maroc-1jour-7-768x768.jpg 768w, https:\/\/mhamidvoyages.com\/wpmhamid\/wp-content\/uploads\/2018\/03\/trek-maroc-1jour-7-80x80.jpg 80w, https:\/\/mhamidvoyages.com\/wpmhamid\/wp-content\/uploads\/2018\/03\/trek-maroc-1jour-7-500x500.jpg 500w, https:\/\/mhamidvoyages.com\/wpmhamid\/wp-content\/uploads\/2018\/03\/trek-maroc-1jour-7.jpg 1000w\" sizes=\"auto, (max-width: 150px) 100vw, 150px\" \/><\/a>\n\t\t\t<\/dt><\/dl><dl class='gallery-item'>\n\t\t\t<dt class='gallery-icon landscape'>\n\t\t\t\t<a rel=\"prettyPhoto[pp_gal]\" href='https:\/\/mhamidvoyages.com\/wpmhamid\/wp-content\/uploads\/2018\/03\/trek-maroc-1jour-4.jpg'><img loading=\"lazy\" decoding=\"async\" width=\"150\" height=\"150\" src=\"https:\/\/mhamidvoyages.com\/wpmhamid\/wp-content\/uploads\/2018\/03\/trek-maroc-1jour-4-150x150.jpg\" class=\"attachment-thumbnail size-thumbnail\" alt=\"Trek d\u00e9sert maroc pas cher\" aria-describedby=\"gallery-2-182\" srcset=\"https:\/\/mhamidvoyages.com\/wpmhamid\/wp-content\/uploads\/2018\/03\/trek-maroc-1jour-4-150x150.jpg 150w, https:\/\/mhamidvoyages.com\/wpmhamid\/wp-content\/uploads\/2018\/03\/trek-maroc-1jour-4-300x300.jpg 300w, https:\/\/mhamidvoyages.com\/wpmhamid\/wp-content\/uploads\/2018\/03\/trek-maroc-1jour-4-768x768.jpg 768w, https:\/\/mhamidvoyages.com\/wpmhamid\/wp-content\/uploads\/2018\/03\/trek-maroc-1jour-4-80x80.jpg 80w, https:\/\/mhamidvoyages.com\/wpmhamid\/wp-content\/uploads\/2018\/03\/trek-maroc-1jour-4-500x500.jpg 500w, https:\/\/mhamidvoyages.com\/wpmhamid\/wp-content\/uploads\/2018\/03\/trek-maroc-1jour-4.jpg 1000w\" sizes=\"auto, (max-width: 150px) 100vw, 150px\" \/><\/a>\n\t\t\t<\/dt>\n\t\t\t\t<dd class='wp-caption-text gallery-caption' id='gallery-2-182'>\n\t\t\t\tMhamid Voyages\n\t\t\t\t<\/dd><\/dl><br style=\"clear: both\" \/><dl class='gallery-item'>\n\t\t\t<dt class='gallery-icon landscape'>\n\t\t\t\t<a rel=\"prettyPhoto[pp_gal]\" href='https:\/\/mhamidvoyages.com\/wpmhamid\/wp-content\/uploads\/2018\/03\/trek-maroc-1jour-6.jpg'><img loading=\"lazy\" decoding=\"async\" width=\"150\" height=\"150\" src=\"https:\/\/mhamidvoyages.com\/wpmhamid\/wp-content\/uploads\/2018\/03\/trek-maroc-1jour-6-150x150.jpg\" class=\"attachment-thumbnail size-thumbnail\" alt=\"\" srcset=\"https:\/\/mhamidvoyages.com\/wpmhamid\/wp-content\/uploads\/2018\/03\/trek-maroc-1jour-6-150x150.jpg 150w, https:\/\/mhamidvoyages.com\/wpmhamid\/wp-content\/uploads\/2018\/03\/trek-maroc-1jour-6-300x300.jpg 300w, https:\/\/mhamidvoyages.com\/wpmhamid\/wp-content\/uploads\/2018\/03\/trek-maroc-1jour-6-768x768.jpg 768w, https:\/\/mhamidvoyages.com\/wpmhamid\/wp-content\/uploads\/2018\/03\/trek-maroc-1jour-6-80x80.jpg 80w, https:\/\/mhamidvoyages.com\/wpmhamid\/wp-content\/uploads\/2018\/03\/trek-maroc-1jour-6-500x500.jpg 500w, https:\/\/mhamidvoyages.com\/wpmhamid\/wp-content\/uploads\/2018\/03\/trek-maroc-1jour-6.jpg 1000w\" sizes=\"auto, (max-width: 150px) 100vw, 150px\" \/><\/a>\n\t\t\t<\/dt><\/dl><dl class='gallery-item'>\n\t\t\t<dt class='gallery-icon landscape'>\n\t\t\t\t<a rel=\"prettyPhoto[pp_gal]\" href='https:\/\/mhamidvoyages.com\/wpmhamid\/wp-content\/uploads\/2018\/03\/trek-maroc-1jour-3.jpg'><img loading=\"lazy\" decoding=\"async\" width=\"150\" height=\"150\" src=\"https:\/\/mhamidvoyages.com\/wpmhamid\/wp-content\/uploads\/2018\/03\/trek-maroc-1jour-3-150x150.jpg\" class=\"attachment-thumbnail size-thumbnail\" alt=\"\" srcset=\"https:\/\/mhamidvoyages.com\/wpmhamid\/wp-content\/uploads\/2018\/03\/trek-maroc-1jour-3-150x150.jpg 150w, https:\/\/mhamidvoyages.com\/wpmhamid\/wp-content\/uploads\/2018\/03\/trek-maroc-1jour-3-300x300.jpg 300w, https:\/\/mhamidvoyages.com\/wpmhamid\/wp-content\/uploads\/2018\/03\/trek-maroc-1jour-3-768x768.jpg 768w, https:\/\/mhamidvoyages.com\/wpmhamid\/wp-content\/uploads\/2018\/03\/trek-maroc-1jour-3-80x80.jpg 80w, https:\/\/mhamidvoyages.com\/wpmhamid\/wp-content\/uploads\/2018\/03\/trek-maroc-1jour-3-500x500.jpg 500w, https:\/\/mhamidvoyages.com\/wpmhamid\/wp-content\/uploads\/2018\/03\/trek-maroc-1jour-3.jpg 1000w\" sizes=\"auto, (max-width: 150px) 100vw, 150px\" \/><\/a>\n\t\t\t<\/dt><\/dl><dl class='gallery-item'>\n\t\t\t<dt class='gallery-icon landscape'>\n\t\t\t\t<a rel=\"prettyPhoto[pp_gal]\" href='https:\/\/mhamidvoyages.com\/wpmhamid\/wp-content\/uploads\/2018\/03\/trek-maroc-1jour-2.jpg'><img loading=\"lazy\" decoding=\"async\" width=\"150\" height=\"150\" src=\"https:\/\/mhamidvoyages.com\/wpmhamid\/wp-content\/uploads\/2018\/03\/trek-maroc-1jour-2-150x150.jpg\" class=\"attachment-thumbnail size-thumbnail\" alt=\"\" srcset=\"https:\/\/mhamidvoyages.com\/wpmhamid\/wp-content\/uploads\/2018\/03\/trek-maroc-1jour-2-150x150.jpg 150w, https:\/\/mhamidvoyages.com\/wpmhamid\/wp-content\/uploads\/2018\/03\/trek-maroc-1jour-2-300x300.jpg 300w, https:\/\/mhamidvoyages.com\/wpmhamid\/wp-content\/uploads\/2018\/03\/trek-maroc-1jour-2-768x768.jpg 768w, https:\/\/mhamidvoyages.com\/wpmhamid\/wp-content\/uploads\/2018\/03\/trek-maroc-1jour-2-80x80.jpg 80w, https:\/\/mhamidvoyages.com\/wpmhamid\/wp-content\/uploads\/2018\/03\/trek-maroc-1jour-2-500x500.jpg 500w, https:\/\/mhamidvoyages.com\/wpmhamid\/wp-content\/uploads\/2018\/03\/trek-maroc-1jour-2.jpg 1000w\" sizes=\"auto, (max-width: 150px) 100vw, 150px\" \/><\/a>\n\t\t\t<\/dt><\/dl><dl class='gallery-item'>\n\t\t\t<dt class='gallery-icon landscape'>\n\t\t\t\t<a rel=\"prettyPhoto[pp_gal]\" href='https:\/\/mhamidvoyages.com\/wpmhamid\/wp-content\/uploads\/2018\/03\/trek-maroc-1jour-5.jpg'><img loading=\"lazy\" decoding=\"async\" width=\"150\" height=\"150\" src=\"https:\/\/mhamidvoyages.com\/wpmhamid\/wp-content\/uploads\/2018\/03\/trek-maroc-1jour-5-150x150.jpg\" class=\"attachment-thumbnail size-thumbnail\" alt=\"\" srcset=\"https:\/\/mhamidvoyages.com\/wpmhamid\/wp-content\/uploads\/2018\/03\/trek-maroc-1jour-5-150x150.jpg 150w, https:\/\/mhamidvoyages.com\/wpmhamid\/wp-content\/uploads\/2018\/03\/trek-maroc-1jour-5-300x300.jpg 300w, https:\/\/mhamidvoyages.com\/wpmhamid\/wp-content\/uploads\/2018\/03\/trek-maroc-1jour-5-768x768.jpg 768w, https:\/\/mhamidvoyages.com\/wpmhamid\/wp-content\/uploads\/2018\/03\/trek-maroc-1jour-5-80x80.jpg 80w, https:\/\/mhamidvoyages.com\/wpmhamid\/wp-content\/uploads\/2018\/03\/trek-maroc-1jour-5-500x500.jpg 500w, https:\/\/mhamidvoyages.com\/wpmhamid\/wp-content\/uploads\/2018\/03\/trek-maroc-1jour-5.jpg 1000w\" sizes=\"auto, (max-width: 150px) 100vw, 150px\" \/><\/a>\n\t\t\t<\/dt><\/dl><br style=\"clear: both\" \/>\n\t\t<\/div>\n<\/div>[\/vc_column][\/vc_row][vc_row type=&#8221;full_width_section&#8221; top_padding=&#8221;60&#8243; bottom_padding=&#8221;60&#8243;][vc_column]<div class=\"callout clearfix\" style=\"background-color:#f38d2c; color:#ffffff;\">\n\t\t<div class=\"callout-text\">For more information or for booking:<\/div>\n\t\t\t<div class=\"callout-button\"><a class=\"button medium color-4\" href=\"https:\/\/mhamidvoyages.com\/en\/contact-morocco-desert-tours-mhamid\/\" target=\"_self\">Contact us<\/a><\/div>\n\t\t<\/div>[\/vc_column][\/vc_row]<\/p>\n<\/div>","protected":false},"excerpt":{"rendered":"<p>[vc_row top_padding=&#8221;40&#8243; bottom_padding=&#8221;60&#8243; bg_position=&#8221;left top&#8221;][vc_column width=&#8221;1\/1&#8243;][\/vc_column][\/vc_row][vc_row bg_color=&#8221;#ffffff&#8221; bottom_padding=&#8221;60&#8243; bg_position=&#8221;left top&#8221;][vc_column width=&#8221;1\/2&#8243;][vc_column_text]We welcome you in the village of Mhamid in the afternoon, then you have camel ride in the Sahara desert with its palm trees and sand dunes. you continue by camel to our Sahara Oasis desert camp where we welcome you in the nomadic tradition, with tea served on your arrival. You will discover the area and admire the sunset on the nearly dune. Afterwards a traditional dinner will be served by candlelight. You will spend the overnight in a Sahara desert bungalow or sleeping under the stars in the camp, according to your wishes. The following morning, after breakfast, we take you back to the village of Mhamid.[\/vc_column_text][\/vc_column][vc_column width=&#8221;1\/2&#8243;][vc_column_text]Our Oasis Desert Camp: Comfort in the heart of the oasis and the desert (to 6 km) of village. The camp is composed of 7 traditional earthen Sahara desert bungalows (equipped with comfortable beds, blankets and sheets), tent, fireplace, carpets, hot showers and toilets. Included: A night at the camp with half board. The camel ride [\/vc_column_text][\/vc_column][\/vc_row][vc_row][vc_column width=&#8221;1\/1&#8243;][\/vc_column][\/vc_row][vc_row type=&#8221;full_width_section&#8221; top_padding=&#8221;60&#8243; bottom_padding=&#8221;60&#8243;][vc_column][\/vc_column][\/vc_row]<\/p>\n","protected":false},"author":1,"featured_media":182,"parent":13,"menu_order":0,"comment_status":"closed","ping_status":"closed","template":"","meta":{"footnotes":""},"class_list":["post-169","page","type-page","status-publish","has-post-thumbnail","hentry"],"yoast_head":"<!-- This site is optimized with the Yoast SEO plugin v27.5 - https:\/\/yoast.com\/product\/yoast-seo-wordpress\/ -->\n<title>1. Camel trip and a night in Moroccan Sahara desert | Mhamid Voyages<\/title>\n<meta name=\"description\" content=\"Mhamid Voyages | Experience a camel trip and a night spent under the stars at our Sahara Desert Camp - Contact us to find out more.\" \/>\n<meta name=\"robots\" content=\"index, follow, max-snippet:-1, max-image-preview:large, max-video-preview:-1\" \/>\n<link rel=\"canonical\" href=\"https:\/\/mhamidvoyages.com\/treks-voyage-maroc\/desert-pas-cher-une-nuit\/\" \/>\n<meta property=\"og:locale\" content=\"en_US\" \/>\n<meta property=\"og:type\" content=\"article\" \/>\n<meta property=\"og:title\" content=\"1. Camel trip and a night in Moroccan Sahara desert | Mhamid Voyages\" \/>\n<meta property=\"og:description\" content=\"{:en}Mhamid Voyages | Experience a camel trip and a night spent under the stars at our Sahara Desert Camp - Contact us to find out more.{:}\" \/>\n<meta property=\"og:url\" content=\"https:\/\/mhamidvoyages.com\/treks-voyage-maroc\/desert-pas-cher-une-nuit\/\" \/>\n<meta property=\"og:site_name\" content=\"Mhamid Voyages\" \/>\n<meta property=\"article:publisher\" content=\"https:\/\/www.facebook.com\/mhamidvoyages\/\" \/>\n<meta property=\"article:modified_time\" content=\"2025-08-10T11:40:30+00:00\" \/>\n<meta property=\"og:image\" content=\"https:\/\/mhamidvoyages.com\/wpmhamid\/wp-content\/uploads\/2018\/03\/trek-maroc-1jour-4.jpg\" \/>\n\t<meta property=\"og:image:width\" content=\"1000\" \/>\n\t<meta property=\"og:image:height\" content=\"1000\" \/>\n\t<meta property=\"og:image:type\" content=\"image\/jpeg\" \/>\n<meta name=\"twitter:card\" content=\"summary_large_image\" \/>\n<meta name=\"twitter:site\" content=\"@VoyagesMhamid\" \/>\n<meta name=\"twitter:label1\" content=\"Est. reading time\" \/>\n\t<meta name=\"twitter:data1\" content=\"4 minutes\" \/>\n<script type=\"application\/ld+json\" class=\"yoast-schema-graph\">{\"@context\":\"https:\\\/\\\/schema.org\",\"@graph\":[{\"@type\":\"WebPage\",\"@id\":\"https:\\\/\\\/mhamidvoyages.com\\\/treks-voyage-maroc\\\/desert-pas-cher-une-nuit\\\/\",\"url\":\"https:\\\/\\\/mhamidvoyages.com\\\/treks-voyage-maroc\\\/desert-pas-cher-une-nuit\\\/\",\"name\":\"1. Camel trip and a night in Moroccan Sahara desert | Mhamid Voyages\",\"isPartOf\":{\"@id\":\"https:\\\/\\\/mhamidvoyages.com\\\/#website\"},\"primaryImageOfPage\":{\"@id\":\"https:\\\/\\\/mhamidvoyages.com\\\/treks-voyage-maroc\\\/desert-pas-cher-une-nuit\\\/#primaryimage\"},\"image\":{\"@id\":\"https:\\\/\\\/mhamidvoyages.com\\\/treks-voyage-maroc\\\/desert-pas-cher-une-nuit\\\/#primaryimage\"},\"thumbnailUrl\":\"https:\\\/\\\/mhamidvoyages.com\\\/wpmhamid\\\/wp-content\\\/uploads\\\/2018\\\/03\\\/trek-maroc-1jour-4.jpg\",\"datePublished\":\"2018-03-31T11:39:03+00:00\",\"dateModified\":\"2025-08-10T11:40:30+00:00\",\"description\":\"{:en}Mhamid Voyages | Experience a camel trip and a night spent under the stars at our Sahara Desert Camp - Contact us to find out more.{:}\",\"breadcrumb\":{\"@id\":\"https:\\\/\\\/mhamidvoyages.com\\\/treks-voyage-maroc\\\/desert-pas-cher-une-nuit\\\/#breadcrumb\"},\"inLanguage\":\"en-US\",\"potentialAction\":[{\"@type\":\"ReadAction\",\"target\":[\"https:\\\/\\\/mhamidvoyages.com\\\/treks-voyage-maroc\\\/desert-pas-cher-une-nuit\\\/\"]}]},{\"@type\":\"ImageObject\",\"inLanguage\":\"en-US\",\"@id\":\"https:\\\/\\\/mhamidvoyages.com\\\/treks-voyage-maroc\\\/desert-pas-cher-une-nuit\\\/#primaryimage\",\"url\":\"https:\\\/\\\/mhamidvoyages.com\\\/wpmhamid\\\/wp-content\\\/uploads\\\/2018\\\/03\\\/trek-maroc-1jour-4.jpg\",\"contentUrl\":\"https:\\\/\\\/mhamidvoyages.com\\\/wpmhamid\\\/wp-content\\\/uploads\\\/2018\\\/03\\\/trek-maroc-1jour-4.jpg\",\"width\":1000,\"height\":1000,\"caption\":\"Mhamid Voyages\"},{\"@type\":\"BreadcrumbList\",\"@id\":\"https:\\\/\\\/mhamidvoyages.com\\\/treks-voyage-maroc\\\/desert-pas-cher-une-nuit\\\/#breadcrumb\",\"itemListElement\":[{\"@type\":\"ListItem\",\"position\":1,\"name\":\"Accueil\",\"item\":\"https:\\\/\\\/mhamidvoyages.com\\\/en\\\/\"},{\"@type\":\"ListItem\",\"position\":2,\"name\":\"Trek d\u00e9sert Maroc &#8211; Randonn\u00e9e et marche dans le d\u00e9sert marocain\",\"item\":\"https:\\\/\\\/mhamidvoyages.com\\\/treks-voyage-maroc\\\/\"},{\"@type\":\"ListItem\",\"position\":3,\"name\":\"1. Une nuit dans le d\u00e9sert &#8211; Trek d\u00e9sert Maroc pas cher\"}]},{\"@type\":\"WebSite\",\"@id\":\"https:\\\/\\\/mhamidvoyages.com\\\/#website\",\"url\":\"https:\\\/\\\/mhamidvoyages.com\\\/\",\"name\":\"Mhamid Voyages\",\"description\":\"Treks, trips, circuits, bivouacs, s\u00e9jours &amp; randonn\u00e9es dans le d\u00e9sert marocain\",\"publisher\":{\"@id\":\"https:\\\/\\\/mhamidvoyages.com\\\/#organization\"},\"potentialAction\":[{\"@type\":\"SearchAction\",\"target\":{\"@type\":\"EntryPoint\",\"urlTemplate\":\"https:\\\/\\\/mhamidvoyages.com\\\/?s={search_term_string}\"},\"query-input\":{\"@type\":\"PropertyValueSpecification\",\"valueRequired\":true,\"valueName\":\"search_term_string\"}}],\"inLanguage\":\"en-US\"},{\"@type\":\"Organization\",\"@id\":\"https:\\\/\\\/mhamidvoyages.com\\\/#organization\",\"name\":\"Mhamid Voyages\",\"url\":\"https:\\\/\\\/mhamidvoyages.com\\\/\",\"logo\":{\"@type\":\"ImageObject\",\"inLanguage\":\"en-US\",\"@id\":\"https:\\\/\\\/mhamidvoyages.com\\\/#\\\/schema\\\/logo\\\/image\\\/\",\"url\":\"https:\\\/\\\/mhamidvoyages.com\\\/wpmhamid\\\/wp-content\\\/uploads\\\/2018\\\/03\\\/Logo-new-500.png\",\"contentUrl\":\"https:\\\/\\\/mhamidvoyages.com\\\/wpmhamid\\\/wp-content\\\/uploads\\\/2018\\\/03\\\/Logo-new-500.png\",\"width\":460,\"height\":77,\"caption\":\"Mhamid Voyages\"},\"image\":{\"@id\":\"https:\\\/\\\/mhamidvoyages.com\\\/#\\\/schema\\\/logo\\\/image\\\/\"},\"sameAs\":[\"https:\\\/\\\/www.facebook.com\\\/mhamidvoyages\\\/\",\"https:\\\/\\\/x.com\\\/VoyagesMhamid\"]}]}<\/script>\n<!-- \/ Yoast SEO plugin. -->","yoast_head_json":{"title":"1. Camel trip and a night in Moroccan Sahara desert | Mhamid Voyages","description":"Mhamid Voyages | Experience a camel trip and a night spent under the stars at our Sahara Desert Camp - Contact us to find out more.","robots":{"index":"index","follow":"follow","max-snippet":"max-snippet:-1","max-image-preview":"max-image-preview:large","max-video-preview":"max-video-preview:-1"},"canonical":"https:\/\/mhamidvoyages.com\/treks-voyage-maroc\/desert-pas-cher-une-nuit\/","og_locale":"en_US","og_type":"article","og_title":"1. Camel trip and a night in Moroccan Sahara desert | Mhamid Voyages","og_description":"{:en}Mhamid Voyages | Experience a camel trip and a night spent under the stars at our Sahara Desert Camp - Contact us to find out more.{:}","og_url":"https:\/\/mhamidvoyages.com\/treks-voyage-maroc\/desert-pas-cher-une-nuit\/","og_site_name":"Mhamid Voyages","article_publisher":"https:\/\/www.facebook.com\/mhamidvoyages\/","article_modified_time":"2025-08-10T11:40:30+00:00","og_image":[{"width":1000,"height":1000,"url":"https:\/\/mhamidvoyages.com\/wpmhamid\/wp-content\/uploads\/2018\/03\/trek-maroc-1jour-4.jpg","type":"image\/jpeg"}],"twitter_card":"summary_large_image","twitter_site":"@VoyagesMhamid","twitter_misc":{"Est. reading time":"4 minutes"},"schema":{"@context":"https:\/\/schema.org","@graph":[{"@type":"WebPage","@id":"https:\/\/mhamidvoyages.com\/treks-voyage-maroc\/desert-pas-cher-une-nuit\/","url":"https:\/\/mhamidvoyages.com\/treks-voyage-maroc\/desert-pas-cher-une-nuit\/","name":"1. Camel trip and a night in Moroccan Sahara desert | Mhamid Voyages","isPartOf":{"@id":"https:\/\/mhamidvoyages.com\/#website"},"primaryImageOfPage":{"@id":"https:\/\/mhamidvoyages.com\/treks-voyage-maroc\/desert-pas-cher-une-nuit\/#primaryimage"},"image":{"@id":"https:\/\/mhamidvoyages.com\/treks-voyage-maroc\/desert-pas-cher-une-nuit\/#primaryimage"},"thumbnailUrl":"https:\/\/mhamidvoyages.com\/wpmhamid\/wp-content\/uploads\/2018\/03\/trek-maroc-1jour-4.jpg","datePublished":"2018-03-31T11:39:03+00:00","dateModified":"2025-08-10T11:40:30+00:00","description":"{:en}Mhamid Voyages | Experience a camel trip and a night spent under the stars at our Sahara Desert Camp - Contact us to find out more.{:}","breadcrumb":{"@id":"https:\/\/mhamidvoyages.com\/treks-voyage-maroc\/desert-pas-cher-une-nuit\/#breadcrumb"},"inLanguage":"en-US","potentialAction":[{"@type":"ReadAction","target":["https:\/\/mhamidvoyages.com\/treks-voyage-maroc\/desert-pas-cher-une-nuit\/"]}]},{"@type":"ImageObject","inLanguage":"en-US","@id":"https:\/\/mhamidvoyages.com\/treks-voyage-maroc\/desert-pas-cher-une-nuit\/#primaryimage","url":"https:\/\/mhamidvoyages.com\/wpmhamid\/wp-content\/uploads\/2018\/03\/trek-maroc-1jour-4.jpg","contentUrl":"https:\/\/mhamidvoyages.com\/wpmhamid\/wp-content\/uploads\/2018\/03\/trek-maroc-1jour-4.jpg","width":1000,"height":1000,"caption":"Mhamid Voyages"},{"@type":"BreadcrumbList","@id":"https:\/\/mhamidvoyages.com\/treks-voyage-maroc\/desert-pas-cher-une-nuit\/#breadcrumb","itemListElement":[{"@type":"ListItem","position":1,"name":"Accueil","item":"https:\/\/mhamidvoyages.com\/en\/"},{"@type":"ListItem","position":2,"name":"Trek d\u00e9sert Maroc &#8211; Randonn\u00e9e et marche dans le d\u00e9sert marocain","item":"https:\/\/mhamidvoyages.com\/treks-voyage-maroc\/"},{"@type":"ListItem","position":3,"name":"1. Une nuit dans le d\u00e9sert &#8211; Trek d\u00e9sert Maroc pas cher"}]},{"@type":"WebSite","@id":"https:\/\/mhamidvoyages.com\/#website","url":"https:\/\/mhamidvoyages.com\/","name":"Mhamid Voyages","description":"Treks, trips, circuits, bivouacs, s\u00e9jours &amp; randonn\u00e9es dans le d\u00e9sert marocain","publisher":{"@id":"https:\/\/mhamidvoyages.com\/#organization"},"potentialAction":[{"@type":"SearchAction","target":{"@type":"EntryPoint","urlTemplate":"https:\/\/mhamidvoyages.com\/?s={search_term_string}"},"query-input":{"@type":"PropertyValueSpecification","valueRequired":true,"valueName":"search_term_string"}}],"inLanguage":"en-US"},{"@type":"Organization","@id":"https:\/\/mhamidvoyages.com\/#organization","name":"Mhamid Voyages","url":"https:\/\/mhamidvoyages.com\/","logo":{"@type":"ImageObject","inLanguage":"en-US","@id":"https:\/\/mhamidvoyages.com\/#\/schema\/logo\/image\/","url":"https:\/\/mhamidvoyages.com\/wpmhamid\/wp-content\/uploads\/2018\/03\/Logo-new-500.png","contentUrl":"https:\/\/mhamidvoyages.com\/wpmhamid\/wp-content\/uploads\/2018\/03\/Logo-new-500.png","width":460,"height":77,"caption":"Mhamid Voyages"},"image":{"@id":"https:\/\/mhamidvoyages.com\/#\/schema\/logo\/image\/"},"sameAs":["https:\/\/www.facebook.com\/mhamidvoyages\/","https:\/\/x.com\/VoyagesMhamid"]}]}},"_links":{"self":[{"href":"https:\/\/mhamidvoyages.com\/en\/wp-json\/wp\/v2\/pages\/169","targetHints":{"allow":["GET"]}}],"collection":[{"href":"https:\/\/mhamidvoyages.com\/en\/wp-json\/wp\/v2\/pages"}],"about":[{"href":"https:\/\/mhamidvoyages.com\/en\/wp-json\/wp\/v2\/types\/page"}],"author":[{"embeddable":true,"href":"https:\/\/mhamidvoyages.com\/en\/wp-json\/wp\/v2\/users\/1"}],"replies":[{"embeddable":true,"href":"https:\/\/mhamidvoyages.com\/en\/wp-json\/wp\/v2\/comments?post=169"}],"version-history":[{"count":33,"href":"https:\/\/mhamidvoyages.com\/en\/wp-json\/wp\/v2\/pages\/169\/revisions"}],"predecessor-version":[{"id":7198,"href":"https:\/\/mhamidvoyages.com\/en\/wp-json\/wp\/v2\/pages\/169\/revisions\/7198"}],"up":[{"embeddable":true,"href":"https:\/\/mhamidvoyages.com\/en\/wp-json\/wp\/v2\/pages\/13"}],"wp:featuredmedia":[{"embeddable":true,"href":"https:\/\/mhamidvoyages.com\/en\/wp-json\/wp\/v2\/media\/182"}],"wp:attachment":[{"href":"https:\/\/mhamidvoyages.com\/en\/wp-json\/wp\/v2\/media?parent=169"}],"curies":[{"name":"wp","href":"https:\/\/api.w.org\/{rel}","templated":true}]}}