{"id":22,"date":"2018-02-13T17:06:54","date_gmt":"2018-02-13T16:06:54","guid":{"rendered":"http:\/\/mhamidvoyages.com\/wpmhamid\/?page_id=22"},"modified":"2023-09-28T19:58:23","modified_gmt":"2023-09-28T17:58:23","slug":"tarifs-infos-voyage-desert-maroc","status":"publish","type":"page","link":"https:\/\/mhamidvoyages.com\/en\/prices-information-travel-morocco-desert\/","title":{"rendered":"Rates and information"},"content":{"rendered":"<div class=\"wpb-content-wrapper\"><p>[vc_row bg_position=&#8221;left top&#8221;][vc_column width=&#8221;1\/1&#8243;]<h1 class=\"headline font-special fontsize-xxl fontweight-inherit lh-inherit align-center transform-uppercase \" style=\"margin: 0 0 20px 0;\"><strong> Rates, conditions &amp; practical information <\/strong><\/h1><h2 class=\"headline font-inherit fontsize-m fontweight-inherit lh-inherit align-center transform-inherit \" style=\"margin: 0; color: #999999;\">Rates are per person and are indicated at the bottom of each page (trek, excursion or tour, &#8230;).<\/h2>[\/vc_column][\/vc_row][vc_row top_padding=&#8221;60&#8243;][vc_column width=&#8221;1\/1&#8243;]<h1 class=\"headline font-special fontsize-l fontweight-inherit lh-inherit align-left transform-uppercase \" style=\"margin: 0 0 20px 0;\"><strong>Prices<\/strong><\/h1>[\/vc_column][\/vc_row][vc_row bg_color=&#8221;#ffffff&#8221; bg_position=&#8221;left top&#8221;][vc_column width=&#8221;1\/2&#8243;]<h2 class=\"headline font-inherit fontsize-m fontweight-300 lh-inherit align-left transform-inherit \" style=\"margin: 0 0 10px 0;\">Our treks prices include:<\/h2>[vc_column_text]<\/p>\n<ul>\n<li>Accommodation in the desert and accommodation in the Oasis<\/li>\n<li>The accompaniment by a local team: guide, camel drivers, cooks<\/li>\n<li>The camp equipment (tents, mattresses, blankets, kitchen &#8230;)<\/li>\n<li>All meals and drinks (water &amp; tea) in the desert and in the Oasis<\/li>\n<li>Transfers to and from Mhamid (optional)<\/li>\n<\/ul>\n<p>[\/vc_column_text][\/vc_column][vc_column width=&#8221;1\/2&#8243;]<h2 class=\"headline font-inherit fontsize-m fontweight-300 lh-inherit align-left transform-inherit \" style=\"margin: 0 0 10px 0;\">Our trek prices do not include:<\/h2>[vc_column_text]<\/p>\n<ul>\n<li>Air transport<\/li>\n<li>Insurance<\/li>\n<li>Sleeping bag for your trek in desert<\/li>\n<li>Personal expenses<\/li>\n<li>Meals during transfers to and from Mhamid<\/li>\n<li>Tips<\/li>\n<\/ul>\n<p>[\/vc_column_text][\/vc_column][\/vc_row][vc_row top_padding=&#8221;25&#8243;][vc_column width=&#8221;1\/1&#8243;]<h2 class=\"headline font-inherit fontsize-m fontweight-300 lh-inherit align-left transform-inherit \" style=\"margin: 0 0 10px 0;\">Discounts<\/h2>[vc_column_text]<\/p>\n<ul>\n<li>20% for children under 10 years<\/li>\n<li>Free for children under 5 (one child per family)<\/li>\n<li>From 10 people, group price. <a href=\"https:\/\/mhamidvoyages.com\/en\/contact-desert-marocain-treks-sejour-randonnees-vacances\/\">Contact us<\/a> for more information.<\/li>\n<\/ul>\n<p>[\/vc_column_text][\/vc_column][\/vc_row][vc_row top_padding=&#8221;60&#8243;][vc_column width=&#8221;1\/1&#8243;]<h1 class=\"headline font-special fontsize-l fontweight-inherit lh-inherit align-left transform-uppercase \" style=\"margin: 0 0 20px 0;\"><strong>Terms <\/strong><\/h1>[vc_column_text]For your chosen trek or stay, a deposit of 30% by bank transfer is required to confirm your reservation.<br \/>\nUpon receipt of the deposit, we send you all the additional information for the smooth running of your stay.<br \/>\nThe balance of the stay is to pay by bank transfer (10 weeks before your arrival or on the spot in cash in your arrival).<br \/>\nIn case of cancellation the deposit paid is not refunded but may, however, be used for another stay.[\/vc_column_text][\/vc_column][\/vc_row][vc_row top_padding=&#8221;60&#8243;][vc_column width=&#8221;1\/1&#8243;]<h1 class=\"headline font-special fontsize-l fontweight-inherit lh-inherit align-left transform-uppercase \" style=\"margin: 0 0 20px 0;\"><strong>Practical information <\/strong><\/h1>[\/vc_column][\/vc_row][vc_row][vc_column width=&#8221;1\/2&#8243;]<h2 class=\"headline font-inherit fontsize-m fontweight-300 lh-inherit align-left transform-inherit \" style=\"margin: 0 0 20px 0;\">Equipement<\/h2>[vc_column_text]<\/p>\n<ul>\n<li>Good walking shoes (not heavy), good and warm sleeping bags, rather sporty clothes, sweaters and down jackets in winter.<\/li>\n<li>A \u201ccheche\u201d (nomadic scarf) very useful<\/li>\n<li>Flashlight<\/li>\n<li>Swiss knife<\/li>\n<li>Matches<\/li>\n<li>Sunglasses<\/li>\n<li>Moist toilet paper<\/li>\n<li>Small plastic bags to put the toilet waste in<\/li>\n<li>Usual medication<\/li>\n<\/ul>\n<p>[\/vc_column_text][\/vc_column][vc_column width=&#8221;1\/2&#8243;]<h2 class=\"headline font-inherit fontsize-m fontweight-300 lh-inherit align-left transform-inherit \" style=\"margin: 0 0 20px 0;\">Meals<\/h2>[vc_column_text]<\/p>\n<ul>\n<li>Breakfast<\/li>\n<li>Picnic lunch, snack<\/li>\n<li>Hot meal in the evening<\/li>\n<\/ul>\n<p>[\/vc_column_text][\/vc_column][\/vc_row][vc_row text_align=&#8221;center&#8221; top_padding=&#8221;40&#8243;][vc_column width=&#8221;1\/1&#8243;]<div class=\"divider divider8\" style='margin:60px 0 20px 0 !important;'><div class=\"divider-icon\"><i class=\"fa fa-map-marker\"><\/i><\/div><\/div><h2 class=\"headline font-inherit fontsize-m fontweight-300 lh-inherit align-center transform-inherit \" style=\"margin: 0 0 20px 0;\">The Hike<\/h2>[vc_column_text]<\/p>\n<p style=\"text-align: center;\">The hiking group goes on foot. Luggage, camp equipment and supplies for the trek are transported by camels.<\/p>\n<p>[\/vc_column_text]<div class=\"divider divider8\" style='margin:60px 0 20px 0 !important;'><div class=\"divider-icon\"><i class=\"fa fa-sun-o\"><\/i><\/div><\/div><h2 class=\"headline font-inherit fontsize-m fontweight-300 lh-inherit align-center transform-inherit \" style=\"margin: 0 0 20px 0;\">Climate<\/h2>[vc_column_text]Warm or mild from Autumn to Spring depending on the period: in the day 15 \u00b0 to 28 \u00b0 &#8211; in the evening between 0 \u00b0 and 15 \u00b0.[\/vc_column_text]<div class=\"divider divider8\" style='margin:60px 0 20px 0 !important;'><div class=\"divider-icon\"><i class=\"fa fa-calendar-o\"><\/i><\/div><\/div><h2 class=\"headline font-inherit fontsize-m fontweight-300 lh-inherit align-center transform-inherit \" style=\"margin: 0 0 20px 0;\">When to go?<\/h2>[vc_column_text]<\/p>\n<p class=\"Standard\">The period for hiking in the Moroccan Sahara desert runs from September to May.<\/p>\n<p>[\/vc_column_text][\/vc_column][\/vc_row]<\/p>\n<\/div>","protected":false},"excerpt":{"rendered":"<p>[vc_row bg_position=&#8221;left top&#8221;][vc_column width=&#8221;1\/1&#8243;][\/vc_column][\/vc_row][vc_row top_padding=&#8221;60&#8243;][vc_column width=&#8221;1\/1&#8243;][\/vc_column][\/vc_row][vc_row bg_color=&#8221;#ffffff&#8221; bg_position=&#8221;left top&#8221;][vc_column width=&#8221;1\/2&#8243;][vc_column_text] Accommodation in the desert and accommodation in the Oasis The accompaniment by a local team: guide, camel drivers, cooks The camp equipment (tents, mattresses, blankets, kitchen &#8230;) All meals and drinks (water &amp; tea) in the desert and in the Oasis Transfers to and from Mhamid (optional) [\/vc_column_text][\/vc_column][vc_column width=&#8221;1\/2&#8243;][vc_column_text] Air transport Insurance Sleeping bag for your trek in desert Personal expenses Meals during transfers to and from Mhamid Tips [\/vc_column_text][\/vc_column][\/vc_row][vc_row top_padding=&#8221;25&#8243;][vc_column width=&#8221;1\/1&#8243;][vc_column_text] 20% for children under 10 years Free for children under 5 (one child per family) From 10 people, group price. Contact us for more information. [\/vc_column_text][\/vc_column][\/vc_row][vc_row top_padding=&#8221;60&#8243;][vc_column width=&#8221;1\/1&#8243;][vc_column_text]For your chosen trek or stay, a deposit of 30% by bank transfer is required to confirm your reservation. Upon receipt of the deposit, we send you all the additional information for the smooth running of your stay. The balance of the stay is to pay by bank transfer (10 weeks before your arrival or on the spot in cash in your arrival). In case of cancellation the deposit paid is not refunded but may, however, be used for another stay.[\/vc_column_text][\/vc_column][\/vc_row][vc_row top_padding=&#8221;60&#8243;][vc_column width=&#8221;1\/1&#8243;][\/vc_column][\/vc_row][vc_row][vc_column width=&#8221;1\/2&#8243;][vc_column_text] Good walking shoes (not heavy), good and [&hellip;]<\/p>\n","protected":false},"author":1,"featured_media":0,"parent":0,"menu_order":0,"comment_status":"closed","ping_status":"closed","template":"","meta":{"footnotes":""},"class_list":["post-22","page","type-page","status-publish","hentry"],"yoast_head":"<!-- This site is optimized with the Yoast SEO plugin v27.3 - https:\/\/yoast.com\/product\/yoast-seo-wordpress\/ -->\n<title>Rates and information | Mhamid Voyages<\/title>\n<meta name=\"description\" content=\"Rates and information | Desert Trekking Morocco | Find out everything you need to know - Contact Mhamid Voyages to discuss your requirements.\" \/>\n<meta name=\"robots\" content=\"index, follow, max-snippet:-1, max-image-preview:large, max-video-preview:-1\" \/>\n<link rel=\"canonical\" href=\"https:\/\/mhamidvoyages.com\/en\/prices-information-travel-morocco-desert\/\" \/>\n<meta property=\"og:locale\" content=\"en_US\" \/>\n<meta property=\"og:type\" content=\"article\" \/>\n<meta property=\"og:title\" content=\"Rates and information | Mhamid Voyages\" \/>\n<meta property=\"og:description\" content=\"{:en}Rates and information | Desert Trekking Morocco | Find out everything you need to know - Contact Mhamid Voyages to discuss your requirements.{:}\" \/>\n<meta property=\"og:url\" content=\"https:\/\/mhamidvoyages.com\/en\/prices-information-travel-morocco-desert\/\" \/>\n<meta property=\"og:site_name\" content=\"Mhamid Voyages\" \/>\n<meta property=\"article:publisher\" content=\"https:\/\/www.facebook.com\/mhamidvoyages\/\" \/>\n<meta property=\"article:modified_time\" content=\"2023-09-28T17:58:23+00:00\" \/>\n<meta name=\"twitter:card\" content=\"summary_large_image\" \/>\n<meta name=\"twitter:site\" content=\"@VoyagesMhamid\" \/>\n<meta name=\"twitter:label1\" content=\"Est. reading time\" \/>\n\t<meta name=\"twitter:data1\" content=\"2 minutes\" \/>\n<script type=\"application\/ld+json\" class=\"yoast-schema-graph\">{\"@context\":\"https:\\\/\\\/schema.org\",\"@graph\":[{\"@type\":\"WebPage\",\"@id\":\"https:\\\/\\\/mhamidvoyages.com\\\/en\\\/prices-information-travel-morocco-desert\\\/\",\"url\":\"https:\\\/\\\/mhamidvoyages.com\\\/en\\\/prices-information-travel-morocco-desert\\\/\",\"name\":\"Rates and information | Mhamid Voyages\",\"isPartOf\":{\"@id\":\"https:\\\/\\\/mhamidvoyages.com\\\/#website\"},\"datePublished\":\"2018-02-13T16:06:54+00:00\",\"dateModified\":\"2023-09-28T17:58:23+00:00\",\"description\":\"{:en}Rates and information | Desert Trekking Morocco | Find out everything you need to know - Contact Mhamid Voyages to discuss your requirements.{:}\",\"breadcrumb\":{\"@id\":\"https:\\\/\\\/mhamidvoyages.com\\\/en\\\/prices-information-travel-morocco-desert\\\/#breadcrumb\"},\"inLanguage\":\"en-US\",\"potentialAction\":[{\"@type\":\"ReadAction\",\"target\":[\"https:\\\/\\\/mhamidvoyages.com\\\/en\\\/prices-information-travel-morocco-desert\\\/\"]}]},{\"@type\":\"BreadcrumbList\",\"@id\":\"https:\\\/\\\/mhamidvoyages.com\\\/en\\\/prices-information-travel-morocco-desert\\\/#breadcrumb\",\"itemListElement\":[{\"@type\":\"ListItem\",\"position\":1,\"name\":\"Accueil\",\"item\":\"https:\\\/\\\/mhamidvoyages.com\\\/en\\\/\"},{\"@type\":\"ListItem\",\"position\":2,\"name\":\"Rates and information\"}]},{\"@type\":\"WebSite\",\"@id\":\"https:\\\/\\\/mhamidvoyages.com\\\/#website\",\"url\":\"https:\\\/\\\/mhamidvoyages.com\\\/\",\"name\":\"Mhamid Voyages\",\"description\":\"Treks, trips, circuits, bivouacs, s\u00e9jours &amp; randonn\u00e9es dans le d\u00e9sert marocain\",\"publisher\":{\"@id\":\"https:\\\/\\\/mhamidvoyages.com\\\/#organization\"},\"potentialAction\":[{\"@type\":\"SearchAction\",\"target\":{\"@type\":\"EntryPoint\",\"urlTemplate\":\"https:\\\/\\\/mhamidvoyages.com\\\/?s={search_term_string}\"},\"query-input\":{\"@type\":\"PropertyValueSpecification\",\"valueRequired\":true,\"valueName\":\"search_term_string\"}}],\"inLanguage\":\"en-US\"},{\"@type\":\"Organization\",\"@id\":\"https:\\\/\\\/mhamidvoyages.com\\\/#organization\",\"name\":\"Mhamid Voyages\",\"url\":\"https:\\\/\\\/mhamidvoyages.com\\\/\",\"logo\":{\"@type\":\"ImageObject\",\"inLanguage\":\"en-US\",\"@id\":\"https:\\\/\\\/mhamidvoyages.com\\\/#\\\/schema\\\/logo\\\/image\\\/\",\"url\":\"https:\\\/\\\/mhamidvoyages.com\\\/wpmhamid\\\/wp-content\\\/uploads\\\/2018\\\/03\\\/Logo-new-500.png\",\"contentUrl\":\"https:\\\/\\\/mhamidvoyages.com\\\/wpmhamid\\\/wp-content\\\/uploads\\\/2018\\\/03\\\/Logo-new-500.png\",\"width\":460,\"height\":77,\"caption\":\"Mhamid Voyages\"},\"image\":{\"@id\":\"https:\\\/\\\/mhamidvoyages.com\\\/#\\\/schema\\\/logo\\\/image\\\/\"},\"sameAs\":[\"https:\\\/\\\/www.facebook.com\\\/mhamidvoyages\\\/\",\"https:\\\/\\\/x.com\\\/VoyagesMhamid\"]}]}<\/script>\n<!-- \/ Yoast SEO plugin. -->","yoast_head_json":{"title":"Rates and information | Mhamid Voyages","description":"Rates and information | Desert Trekking Morocco | Find out everything you need to know - Contact Mhamid Voyages to discuss your requirements.","robots":{"index":"index","follow":"follow","max-snippet":"max-snippet:-1","max-image-preview":"max-image-preview:large","max-video-preview":"max-video-preview:-1"},"canonical":"https:\/\/mhamidvoyages.com\/en\/prices-information-travel-morocco-desert\/","og_locale":"en_US","og_type":"article","og_title":"Rates and information | Mhamid Voyages","og_description":"{:en}Rates and information | Desert Trekking Morocco | Find out everything you need to know - Contact Mhamid Voyages to discuss your requirements.{:}","og_url":"https:\/\/mhamidvoyages.com\/en\/prices-information-travel-morocco-desert\/","og_site_name":"Mhamid Voyages","article_publisher":"https:\/\/www.facebook.com\/mhamidvoyages\/","article_modified_time":"2023-09-28T17:58:23+00:00","twitter_card":"summary_large_image","twitter_site":"@VoyagesMhamid","twitter_misc":{"Est. reading time":"2 minutes"},"schema":{"@context":"https:\/\/schema.org","@graph":[{"@type":"WebPage","@id":"https:\/\/mhamidvoyages.com\/en\/prices-information-travel-morocco-desert\/","url":"https:\/\/mhamidvoyages.com\/en\/prices-information-travel-morocco-desert\/","name":"Rates and information | Mhamid Voyages","isPartOf":{"@id":"https:\/\/mhamidvoyages.com\/#website"},"datePublished":"2018-02-13T16:06:54+00:00","dateModified":"2023-09-28T17:58:23+00:00","description":"{:en}Rates and information | Desert Trekking Morocco | Find out everything you need to know - Contact Mhamid Voyages to discuss your requirements.{:}","breadcrumb":{"@id":"https:\/\/mhamidvoyages.com\/en\/prices-information-travel-morocco-desert\/#breadcrumb"},"inLanguage":"en-US","potentialAction":[{"@type":"ReadAction","target":["https:\/\/mhamidvoyages.com\/en\/prices-information-travel-morocco-desert\/"]}]},{"@type":"BreadcrumbList","@id":"https:\/\/mhamidvoyages.com\/en\/prices-information-travel-morocco-desert\/#breadcrumb","itemListElement":[{"@type":"ListItem","position":1,"name":"Accueil","item":"https:\/\/mhamidvoyages.com\/en\/"},{"@type":"ListItem","position":2,"name":"Rates and information"}]},{"@type":"WebSite","@id":"https:\/\/mhamidvoyages.com\/#website","url":"https:\/\/mhamidvoyages.com\/","name":"Mhamid Voyages","description":"Treks, trips, circuits, bivouacs, s\u00e9jours &amp; randonn\u00e9es dans le d\u00e9sert marocain","publisher":{"@id":"https:\/\/mhamidvoyages.com\/#organization"},"potentialAction":[{"@type":"SearchAction","target":{"@type":"EntryPoint","urlTemplate":"https:\/\/mhamidvoyages.com\/?s={search_term_string}"},"query-input":{"@type":"PropertyValueSpecification","valueRequired":true,"valueName":"search_term_string"}}],"inLanguage":"en-US"},{"@type":"Organization","@id":"https:\/\/mhamidvoyages.com\/#organization","name":"Mhamid Voyages","url":"https:\/\/mhamidvoyages.com\/","logo":{"@type":"ImageObject","inLanguage":"en-US","@id":"https:\/\/mhamidvoyages.com\/#\/schema\/logo\/image\/","url":"https:\/\/mhamidvoyages.com\/wpmhamid\/wp-content\/uploads\/2018\/03\/Logo-new-500.png","contentUrl":"https:\/\/mhamidvoyages.com\/wpmhamid\/wp-content\/uploads\/2018\/03\/Logo-new-500.png","width":460,"height":77,"caption":"Mhamid Voyages"},"image":{"@id":"https:\/\/mhamidvoyages.com\/#\/schema\/logo\/image\/"},"sameAs":["https:\/\/www.facebook.com\/mhamidvoyages\/","https:\/\/x.com\/VoyagesMhamid"]}]}},"_links":{"self":[{"href":"https:\/\/mhamidvoyages.com\/en\/wp-json\/wp\/v2\/pages\/22","targetHints":{"allow":["GET"]}}],"collection":[{"href":"https:\/\/mhamidvoyages.com\/en\/wp-json\/wp\/v2\/pages"}],"about":[{"href":"https:\/\/mhamidvoyages.com\/en\/wp-json\/wp\/v2\/types\/page"}],"author":[{"embeddable":true,"href":"https:\/\/mhamidvoyages.com\/en\/wp-json\/wp\/v2\/users\/1"}],"replies":[{"embeddable":true,"href":"https:\/\/mhamidvoyages.com\/en\/wp-json\/wp\/v2\/comments?post=22"}],"version-history":[{"count":61,"href":"https:\/\/mhamidvoyages.com\/en\/wp-json\/wp\/v2\/pages\/22\/revisions"}],"predecessor-version":[{"id":4395,"href":"https:\/\/mhamidvoyages.com\/en\/wp-json\/wp\/v2\/pages\/22\/revisions\/4395"}],"wp:attachment":[{"href":"https:\/\/mhamidvoyages.com\/en\/wp-json\/wp\/v2\/media?parent=22"}],"curies":[{"name":"wp","href":"https:\/\/api.w.org\/{rel}","templated":true}]}}