{"id":319,"date":"2018-05-20T14:46:27","date_gmt":"2018-05-20T12:46:27","guid":{"rendered":"https:\/\/mhamidvoyages.com\/wpmhamid\/?page_id=319"},"modified":"2021-06-17T14:02:24","modified_gmt":"2021-06-17T12:02:24","slug":"8-trek-sur-mesure","status":"publish","type":"page","link":"https:\/\/mhamidvoyages.com\/en\/morocco-desert-tours-trek-walking\/moroccan-sahara-desert-tailor-made-hike\/","title":{"rendered":"8. Bespoke, tailor made; Morocco desert trek &#8211; Morocco desert tours"},"content":{"rendered":"<div class=\"wpb-content-wrapper\"><p>[vc_row top_padding=&#8221;40&#8243; bottom_padding=&#8221;60&#8243; bg_position=&#8221;left top&#8221;][vc_column width=&#8221;1\/1&#8243;]<h1 class=\"headline font-inherit fontsize-xxl fontweight-inherit lh-inherit align-center transform-uppercase \" style=\"margin: 0 0 20px 0;\">Bespoke, tailor made; Morocco desert trek &#8211; Morocco desert tours<\/h1><h2 class=\"headline font-inherit fontsize-m fontweight-inherit lh-inherit align-center transform-inherit \" style=\"margin: 0; color: #999999;\">Whether you are alone, couple, family, friends, or a small group; Mhamid Voyages offers Morocco desert trek, Morocco desert tours, excursions, bespoke and tailor-made holidays in the Moroccan Sahara desert.<\/h2>[\/vc_column][\/vc_row][vc_row top_padding=&#8221;40&#8243; bottom_padding=&#8221;40&#8243;][vc_column width=&#8221;1\/1&#8243;]<h4 class=\"headline font-inherit fontsize-m fontweight-300 lh-inherit align-center transform-inherit \" style=\"margin: 0 0 20px 0;\"><i>Choose your dates and length of stay you want to spend in the Sahara desert (from one to 14 days), we will do everything for success trip in desert!<\/i><\/h4>[\/vc_column][\/vc_row][vc_row][vc_column width=&#8221;1\/1&#8243;]<div class=\"divider divider8\" style='margin:10px 0 60px 0 !important;'><div class=\"divider-icon\"><i class=\"fa fa-camera\"><\/i><\/div><\/div><div class=\"gallery-style-2\">\n\t\t<style type=\"text\/css\">\n\t\t\t#gallery-2 {\n\t\t\t\tmargin: auto;\n\t\t\t}\n\t\t\t#gallery-2 .gallery-item {\n\t\t\t\tfloat: left;\n\t\t\t\tmargin-top: 10px;\n\t\t\t\ttext-align: center;\n\t\t\t\twidth: 25%;\n\t\t\t}\n\t\t\t#gallery-2 img {\n\t\t\t\tborder: 2px solid #cfcfcf;\n\t\t\t}\n\t\t\t#gallery-2 .gallery-caption {\n\t\t\t\tmargin-left: 0;\n\t\t\t}\n\t\t\t\/* see gallery_shortcode() in wp-includes\/media.php *\/\n\t\t<\/style>\n\t\t<div id='gallery-2' class='gallery galleryid-319 gallery-columns-4 gallery-size-thumbnail'><dl class='gallery-item'>\n\t\t\t<dt class='gallery-icon landscape'>\n\t\t\t\t<a rel=\"prettyPhoto[pp_gal]\" href='https:\/\/mhamidvoyages.com\/wpmhamid\/wp-content\/uploads\/2018\/05\/trek-sur-mesure-2.jpg'><img loading=\"lazy\" decoding=\"async\" width=\"150\" height=\"150\" src=\"https:\/\/mhamidvoyages.com\/wpmhamid\/wp-content\/uploads\/2018\/05\/trek-sur-mesure-2-150x150.jpg\" class=\"attachment-thumbnail size-thumbnail\" alt=\"\" srcset=\"https:\/\/mhamidvoyages.com\/wpmhamid\/wp-content\/uploads\/2018\/05\/trek-sur-mesure-2-150x150.jpg 150w, https:\/\/mhamidvoyages.com\/wpmhamid\/wp-content\/uploads\/2018\/05\/trek-sur-mesure-2-300x300.jpg 300w, https:\/\/mhamidvoyages.com\/wpmhamid\/wp-content\/uploads\/2018\/05\/trek-sur-mesure-2-768x768.jpg 768w, https:\/\/mhamidvoyages.com\/wpmhamid\/wp-content\/uploads\/2018\/05\/trek-sur-mesure-2-80x80.jpg 80w, https:\/\/mhamidvoyages.com\/wpmhamid\/wp-content\/uploads\/2018\/05\/trek-sur-mesure-2-500x500.jpg 500w, https:\/\/mhamidvoyages.com\/wpmhamid\/wp-content\/uploads\/2018\/05\/trek-sur-mesure-2.jpg 1000w\" sizes=\"auto, (max-width: 150px) 100vw, 150px\" \/><\/a>\n\t\t\t<\/dt><\/dl><dl class='gallery-item'>\n\t\t\t<dt class='gallery-icon landscape'>\n\t\t\t\t<a rel=\"prettyPhoto[pp_gal]\" href='https:\/\/mhamidvoyages.com\/wpmhamid\/wp-content\/uploads\/2018\/05\/trek-sur-mesure-3.jpg'><img loading=\"lazy\" decoding=\"async\" width=\"150\" height=\"150\" src=\"https:\/\/mhamidvoyages.com\/wpmhamid\/wp-content\/uploads\/2018\/05\/trek-sur-mesure-3-150x150.jpg\" class=\"attachment-thumbnail size-thumbnail\" alt=\"\" srcset=\"https:\/\/mhamidvoyages.com\/wpmhamid\/wp-content\/uploads\/2018\/05\/trek-sur-mesure-3-150x150.jpg 150w, https:\/\/mhamidvoyages.com\/wpmhamid\/wp-content\/uploads\/2018\/05\/trek-sur-mesure-3-300x300.jpg 300w, https:\/\/mhamidvoyages.com\/wpmhamid\/wp-content\/uploads\/2018\/05\/trek-sur-mesure-3-768x768.jpg 768w, https:\/\/mhamidvoyages.com\/wpmhamid\/wp-content\/uploads\/2018\/05\/trek-sur-mesure-3-80x80.jpg 80w, https:\/\/mhamidvoyages.com\/wpmhamid\/wp-content\/uploads\/2018\/05\/trek-sur-mesure-3-500x500.jpg 500w, https:\/\/mhamidvoyages.com\/wpmhamid\/wp-content\/uploads\/2018\/05\/trek-sur-mesure-3.jpg 1000w\" sizes=\"auto, (max-width: 150px) 100vw, 150px\" \/><\/a>\n\t\t\t<\/dt><\/dl><dl class='gallery-item'>\n\t\t\t<dt class='gallery-icon landscape'>\n\t\t\t\t<a rel=\"prettyPhoto[pp_gal]\" href='https:\/\/mhamidvoyages.com\/wpmhamid\/wp-content\/uploads\/2018\/05\/trek-sur-mesure-4.jpg'><img loading=\"lazy\" decoding=\"async\" width=\"150\" height=\"150\" src=\"https:\/\/mhamidvoyages.com\/wpmhamid\/wp-content\/uploads\/2018\/05\/trek-sur-mesure-4-150x150.jpg\" class=\"attachment-thumbnail size-thumbnail\" alt=\"\" srcset=\"https:\/\/mhamidvoyages.com\/wpmhamid\/wp-content\/uploads\/2018\/05\/trek-sur-mesure-4-150x150.jpg 150w, https:\/\/mhamidvoyages.com\/wpmhamid\/wp-content\/uploads\/2018\/05\/trek-sur-mesure-4-300x300.jpg 300w, https:\/\/mhamidvoyages.com\/wpmhamid\/wp-content\/uploads\/2018\/05\/trek-sur-mesure-4-768x768.jpg 768w, https:\/\/mhamidvoyages.com\/wpmhamid\/wp-content\/uploads\/2018\/05\/trek-sur-mesure-4-80x80.jpg 80w, https:\/\/mhamidvoyages.com\/wpmhamid\/wp-content\/uploads\/2018\/05\/trek-sur-mesure-4-500x500.jpg 500w, https:\/\/mhamidvoyages.com\/wpmhamid\/wp-content\/uploads\/2018\/05\/trek-sur-mesure-4.jpg 1000w\" sizes=\"auto, (max-width: 150px) 100vw, 150px\" \/><\/a>\n\t\t\t<\/dt><\/dl><dl class='gallery-item'>\n\t\t\t<dt class='gallery-icon landscape'>\n\t\t\t\t<a rel=\"prettyPhoto[pp_gal]\" href='https:\/\/mhamidvoyages.com\/wpmhamid\/wp-content\/uploads\/2018\/05\/trek-sur-mesure-5.jpg'><img loading=\"lazy\" decoding=\"async\" width=\"150\" height=\"150\" src=\"https:\/\/mhamidvoyages.com\/wpmhamid\/wp-content\/uploads\/2018\/05\/trek-sur-mesure-5-150x150.jpg\" class=\"attachment-thumbnail size-thumbnail\" alt=\"\" srcset=\"https:\/\/mhamidvoyages.com\/wpmhamid\/wp-content\/uploads\/2018\/05\/trek-sur-mesure-5-150x150.jpg 150w, https:\/\/mhamidvoyages.com\/wpmhamid\/wp-content\/uploads\/2018\/05\/trek-sur-mesure-5-300x300.jpg 300w, https:\/\/mhamidvoyages.com\/wpmhamid\/wp-content\/uploads\/2018\/05\/trek-sur-mesure-5-768x768.jpg 768w, https:\/\/mhamidvoyages.com\/wpmhamid\/wp-content\/uploads\/2018\/05\/trek-sur-mesure-5-80x80.jpg 80w, https:\/\/mhamidvoyages.com\/wpmhamid\/wp-content\/uploads\/2018\/05\/trek-sur-mesure-5-500x500.jpg 500w, https:\/\/mhamidvoyages.com\/wpmhamid\/wp-content\/uploads\/2018\/05\/trek-sur-mesure-5.jpg 1000w\" sizes=\"auto, (max-width: 150px) 100vw, 150px\" \/><\/a>\n\t\t\t<\/dt><\/dl><br style=\"clear: both\" \/><dl class='gallery-item'>\n\t\t\t<dt class='gallery-icon landscape'>\n\t\t\t\t<a rel=\"prettyPhoto[pp_gal]\" href='https:\/\/mhamidvoyages.com\/wpmhamid\/wp-content\/uploads\/2018\/05\/trek-sur-mesure-6.jpg'><img loading=\"lazy\" decoding=\"async\" width=\"150\" height=\"150\" src=\"https:\/\/mhamidvoyages.com\/wpmhamid\/wp-content\/uploads\/2018\/05\/trek-sur-mesure-6-150x150.jpg\" class=\"attachment-thumbnail size-thumbnail\" alt=\"\" srcset=\"https:\/\/mhamidvoyages.com\/wpmhamid\/wp-content\/uploads\/2018\/05\/trek-sur-mesure-6-150x150.jpg 150w, https:\/\/mhamidvoyages.com\/wpmhamid\/wp-content\/uploads\/2018\/05\/trek-sur-mesure-6-300x300.jpg 300w, https:\/\/mhamidvoyages.com\/wpmhamid\/wp-content\/uploads\/2018\/05\/trek-sur-mesure-6-768x768.jpg 768w, https:\/\/mhamidvoyages.com\/wpmhamid\/wp-content\/uploads\/2018\/05\/trek-sur-mesure-6-80x80.jpg 80w, https:\/\/mhamidvoyages.com\/wpmhamid\/wp-content\/uploads\/2018\/05\/trek-sur-mesure-6-500x500.jpg 500w, https:\/\/mhamidvoyages.com\/wpmhamid\/wp-content\/uploads\/2018\/05\/trek-sur-mesure-6.jpg 1000w\" sizes=\"auto, (max-width: 150px) 100vw, 150px\" \/><\/a>\n\t\t\t<\/dt><\/dl><dl class='gallery-item'>\n\t\t\t<dt class='gallery-icon landscape'>\n\t\t\t\t<a rel=\"prettyPhoto[pp_gal]\" href='https:\/\/mhamidvoyages.com\/wpmhamid\/wp-content\/uploads\/2018\/05\/trek-sur-mesure-7.jpg'><img loading=\"lazy\" decoding=\"async\" width=\"150\" height=\"150\" src=\"https:\/\/mhamidvoyages.com\/wpmhamid\/wp-content\/uploads\/2018\/05\/trek-sur-mesure-7-150x150.jpg\" class=\"attachment-thumbnail size-thumbnail\" alt=\"trek-d\u00e9sert-maroc-sur-mesure\" aria-describedby=\"gallery-2-410\" srcset=\"https:\/\/mhamidvoyages.com\/wpmhamid\/wp-content\/uploads\/2018\/05\/trek-sur-mesure-7-150x150.jpg 150w, https:\/\/mhamidvoyages.com\/wpmhamid\/wp-content\/uploads\/2018\/05\/trek-sur-mesure-7-300x300.jpg 300w, https:\/\/mhamidvoyages.com\/wpmhamid\/wp-content\/uploads\/2018\/05\/trek-sur-mesure-7-768x768.jpg 768w, https:\/\/mhamidvoyages.com\/wpmhamid\/wp-content\/uploads\/2018\/05\/trek-sur-mesure-7-80x80.jpg 80w, https:\/\/mhamidvoyages.com\/wpmhamid\/wp-content\/uploads\/2018\/05\/trek-sur-mesure-7-500x500.jpg 500w, https:\/\/mhamidvoyages.com\/wpmhamid\/wp-content\/uploads\/2018\/05\/trek-sur-mesure-7.jpg 1000w\" sizes=\"auto, (max-width: 150px) 100vw, 150px\" \/><\/a>\n\t\t\t<\/dt>\n\t\t\t\t<dd class='wp-caption-text gallery-caption' id='gallery-2-410'>\n\t\t\t\tMhamid Voyages\n\t\t\t\t<\/dd><\/dl><dl class='gallery-item'>\n\t\t\t<dt class='gallery-icon landscape'>\n\t\t\t\t<a rel=\"prettyPhoto[pp_gal]\" href='https:\/\/mhamidvoyages.com\/wpmhamid\/wp-content\/uploads\/2018\/05\/trek-sur-mesure-8.jpg'><img loading=\"lazy\" decoding=\"async\" width=\"150\" height=\"150\" src=\"https:\/\/mhamidvoyages.com\/wpmhamid\/wp-content\/uploads\/2018\/05\/trek-sur-mesure-8-150x150.jpg\" class=\"attachment-thumbnail size-thumbnail\" alt=\"\" srcset=\"https:\/\/mhamidvoyages.com\/wpmhamid\/wp-content\/uploads\/2018\/05\/trek-sur-mesure-8-150x150.jpg 150w, https:\/\/mhamidvoyages.com\/wpmhamid\/wp-content\/uploads\/2018\/05\/trek-sur-mesure-8-300x300.jpg 300w, https:\/\/mhamidvoyages.com\/wpmhamid\/wp-content\/uploads\/2018\/05\/trek-sur-mesure-8-768x768.jpg 768w, https:\/\/mhamidvoyages.com\/wpmhamid\/wp-content\/uploads\/2018\/05\/trek-sur-mesure-8-80x80.jpg 80w, https:\/\/mhamidvoyages.com\/wpmhamid\/wp-content\/uploads\/2018\/05\/trek-sur-mesure-8-500x500.jpg 500w, https:\/\/mhamidvoyages.com\/wpmhamid\/wp-content\/uploads\/2018\/05\/trek-sur-mesure-8.jpg 1000w\" sizes=\"auto, (max-width: 150px) 100vw, 150px\" \/><\/a>\n\t\t\t<\/dt><\/dl><dl class='gallery-item'>\n\t\t\t<dt class='gallery-icon landscape'>\n\t\t\t\t<a rel=\"prettyPhoto[pp_gal]\" href='https:\/\/mhamidvoyages.com\/wpmhamid\/wp-content\/uploads\/2018\/05\/trek-sur-mesure-9.jpg'><img loading=\"lazy\" decoding=\"async\" width=\"150\" height=\"150\" src=\"https:\/\/mhamidvoyages.com\/wpmhamid\/wp-content\/uploads\/2018\/05\/trek-sur-mesure-9-150x150.jpg\" class=\"attachment-thumbnail size-thumbnail\" alt=\"\" srcset=\"https:\/\/mhamidvoyages.com\/wpmhamid\/wp-content\/uploads\/2018\/05\/trek-sur-mesure-9-150x150.jpg 150w, https:\/\/mhamidvoyages.com\/wpmhamid\/wp-content\/uploads\/2018\/05\/trek-sur-mesure-9-300x300.jpg 300w, https:\/\/mhamidvoyages.com\/wpmhamid\/wp-content\/uploads\/2018\/05\/trek-sur-mesure-9-768x768.jpg 768w, https:\/\/mhamidvoyages.com\/wpmhamid\/wp-content\/uploads\/2018\/05\/trek-sur-mesure-9-80x80.jpg 80w, https:\/\/mhamidvoyages.com\/wpmhamid\/wp-content\/uploads\/2018\/05\/trek-sur-mesure-9-500x500.jpg 500w, https:\/\/mhamidvoyages.com\/wpmhamid\/wp-content\/uploads\/2018\/05\/trek-sur-mesure-9.jpg 1000w\" sizes=\"auto, (max-width: 150px) 100vw, 150px\" \/><\/a>\n\t\t\t<\/dt><\/dl><br style=\"clear: both\" \/>\n\t\t<\/div>\n<\/div>[\/vc_column][\/vc_row][vc_row type=&#8221;full_width_section&#8221; top_padding=&#8221;60&#8243; bottom_padding=&#8221;60&#8243;][vc_column]<div class=\"callout clearfix\" style=\"background-color:#f38d2c; color:#ffffff;\">\n\t\t<div class=\"callout-text\">Contact us for rates and more information<\/div>\n\t\t\t<div class=\"callout-button\"><a class=\"button medium color-4\" href=\"https:\/\/mhamidvoyages.com\/en\/contact-morocco-desert-tours-mhamid\/\" target=\"_self\">Contact<\/a><\/div>\n\t\t<\/div>[\/vc_column][\/vc_row]<\/p>\n<\/div>","protected":false},"excerpt":{"rendered":"<p>[vc_row top_padding=&#8221;40&#8243; bottom_padding=&#8221;60&#8243; bg_position=&#8221;left top&#8221;][vc_column width=&#8221;1\/1&#8243;][\/vc_column][\/vc_row][vc_row top_padding=&#8221;40&#8243; bottom_padding=&#8221;40&#8243;][vc_column width=&#8221;1\/1&#8243;][\/vc_column][\/vc_row][vc_row][vc_column width=&#8221;1\/1&#8243;][\/vc_column][\/vc_row][vc_row type=&#8221;full_width_section&#8221; top_padding=&#8221;60&#8243; bottom_padding=&#8221;60&#8243;][vc_column][\/vc_column][\/vc_row]<\/p>\n","protected":false},"author":1,"featured_media":410,"parent":13,"menu_order":0,"comment_status":"closed","ping_status":"closed","template":"","meta":{"footnotes":""},"class_list":["post-319","page","type-page","status-publish","has-post-thumbnail","hentry"],"yoast_head":"<!-- This site is optimized with the Yoast SEO plugin v27.3 - https:\/\/yoast.com\/product\/yoast-seo-wordpress\/ -->\n<title>8. Bespoke, tailor made; Morocco desert trek - Morocco desert tours | Mhamid Voyages<\/title>\n<meta name=\"description\" content=\"Bespoke, Tailor-made Morocco Desert Trek | Experience the beauty of the Sahara desert. Contact Mhamid Voyages today to find out more.\" \/>\n<meta name=\"robots\" content=\"index, follow, max-snippet:-1, max-image-preview:large, max-video-preview:-1\" \/>\n<link rel=\"canonical\" href=\"https:\/\/mhamidvoyages.com\/treks-voyage-maroc\/trek-sur-mesure-voyage-desert-personnalise\/\" \/>\n<meta property=\"og:locale\" content=\"en_US\" \/>\n<meta property=\"og:type\" content=\"article\" \/>\n<meta property=\"og:title\" content=\"8. Bespoke, tailor made; Morocco desert trek - Morocco desert tours | Mhamid Voyages\" \/>\n<meta property=\"og:description\" content=\"{:en}Bespoke, Tailor-made Morocco Desert Trek | Experience the beauty of the Sahara desert. Contact Mhamid Voyages today to find out more.{:}\" \/>\n<meta property=\"og:url\" content=\"https:\/\/mhamidvoyages.com\/treks-voyage-maroc\/trek-sur-mesure-voyage-desert-personnalise\/\" \/>\n<meta property=\"og:site_name\" content=\"Mhamid Voyages\" \/>\n<meta property=\"article:publisher\" content=\"https:\/\/www.facebook.com\/mhamidvoyages\/\" \/>\n<meta property=\"article:modified_time\" content=\"2021-06-17T12:02:24+00:00\" \/>\n<meta property=\"og:image\" content=\"https:\/\/mhamidvoyages.com\/wpmhamid\/wp-content\/uploads\/2018\/05\/trek-sur-mesure-7.jpg\" \/>\n\t<meta property=\"og:image:width\" content=\"1000\" \/>\n\t<meta property=\"og:image:height\" content=\"1000\" \/>\n\t<meta property=\"og:image:type\" content=\"image\/jpeg\" \/>\n<meta name=\"twitter:card\" content=\"summary_large_image\" \/>\n<meta name=\"twitter:site\" content=\"@VoyagesMhamid\" \/>\n<meta name=\"twitter:label1\" content=\"Est. reading time\" \/>\n\t<meta name=\"twitter:data1\" content=\"2 minutes\" \/>\n<script type=\"application\/ld+json\" class=\"yoast-schema-graph\">{\"@context\":\"https:\\\/\\\/schema.org\",\"@graph\":[{\"@type\":\"WebPage\",\"@id\":\"https:\\\/\\\/mhamidvoyages.com\\\/treks-voyage-maroc\\\/trek-sur-mesure-voyage-desert-personnalise\\\/\",\"url\":\"https:\\\/\\\/mhamidvoyages.com\\\/treks-voyage-maroc\\\/trek-sur-mesure-voyage-desert-personnalise\\\/\",\"name\":\"8. Bespoke, tailor made; Morocco desert trek - Morocco desert tours | Mhamid Voyages\",\"isPartOf\":{\"@id\":\"https:\\\/\\\/mhamidvoyages.com\\\/#website\"},\"primaryImageOfPage\":{\"@id\":\"https:\\\/\\\/mhamidvoyages.com\\\/treks-voyage-maroc\\\/trek-sur-mesure-voyage-desert-personnalise\\\/#primaryimage\"},\"image\":{\"@id\":\"https:\\\/\\\/mhamidvoyages.com\\\/treks-voyage-maroc\\\/trek-sur-mesure-voyage-desert-personnalise\\\/#primaryimage\"},\"thumbnailUrl\":\"https:\\\/\\\/mhamidvoyages.com\\\/wpmhamid\\\/wp-content\\\/uploads\\\/2018\\\/05\\\/trek-sur-mesure-7.jpg\",\"datePublished\":\"2018-05-20T12:46:27+00:00\",\"dateModified\":\"2021-06-17T12:02:24+00:00\",\"description\":\"{:en}Bespoke, Tailor-made Morocco Desert Trek | Experience the beauty of the Sahara desert. Contact Mhamid Voyages today to find out more.{:}\",\"breadcrumb\":{\"@id\":\"https:\\\/\\\/mhamidvoyages.com\\\/treks-voyage-maroc\\\/trek-sur-mesure-voyage-desert-personnalise\\\/#breadcrumb\"},\"inLanguage\":\"en-US\",\"potentialAction\":[{\"@type\":\"ReadAction\",\"target\":[\"https:\\\/\\\/mhamidvoyages.com\\\/treks-voyage-maroc\\\/trek-sur-mesure-voyage-desert-personnalise\\\/\"]}]},{\"@type\":\"ImageObject\",\"inLanguage\":\"en-US\",\"@id\":\"https:\\\/\\\/mhamidvoyages.com\\\/treks-voyage-maroc\\\/trek-sur-mesure-voyage-desert-personnalise\\\/#primaryimage\",\"url\":\"https:\\\/\\\/mhamidvoyages.com\\\/wpmhamid\\\/wp-content\\\/uploads\\\/2018\\\/05\\\/trek-sur-mesure-7.jpg\",\"contentUrl\":\"https:\\\/\\\/mhamidvoyages.com\\\/wpmhamid\\\/wp-content\\\/uploads\\\/2018\\\/05\\\/trek-sur-mesure-7.jpg\",\"width\":1000,\"height\":1000,\"caption\":\"Mhamid Voyages\"},{\"@type\":\"BreadcrumbList\",\"@id\":\"https:\\\/\\\/mhamidvoyages.com\\\/treks-voyage-maroc\\\/trek-sur-mesure-voyage-desert-personnalise\\\/#breadcrumb\",\"itemListElement\":[{\"@type\":\"ListItem\",\"position\":1,\"name\":\"Accueil\",\"item\":\"https:\\\/\\\/mhamidvoyages.com\\\/en\\\/\"},{\"@type\":\"ListItem\",\"position\":2,\"name\":\"Trek d\u00e9sert Maroc &#8211; Randonn\u00e9e et marche dans le d\u00e9sert marocain\",\"item\":\"https:\\\/\\\/mhamidvoyages.com\\\/treks-voyage-maroc\\\/\"},{\"@type\":\"ListItem\",\"position\":3,\"name\":\"8. Voyage d\u00e9sert Maroc, Trek d\u00e9sert Maroc &#8211; Sur mesure\"}]},{\"@type\":\"WebSite\",\"@id\":\"https:\\\/\\\/mhamidvoyages.com\\\/#website\",\"url\":\"https:\\\/\\\/mhamidvoyages.com\\\/\",\"name\":\"Mhamid Voyages\",\"description\":\"Treks, trips, circuits, bivouacs, s\u00e9jours &amp; randonn\u00e9es dans le d\u00e9sert marocain\",\"publisher\":{\"@id\":\"https:\\\/\\\/mhamidvoyages.com\\\/#organization\"},\"potentialAction\":[{\"@type\":\"SearchAction\",\"target\":{\"@type\":\"EntryPoint\",\"urlTemplate\":\"https:\\\/\\\/mhamidvoyages.com\\\/?s={search_term_string}\"},\"query-input\":{\"@type\":\"PropertyValueSpecification\",\"valueRequired\":true,\"valueName\":\"search_term_string\"}}],\"inLanguage\":\"en-US\"},{\"@type\":\"Organization\",\"@id\":\"https:\\\/\\\/mhamidvoyages.com\\\/#organization\",\"name\":\"Mhamid Voyages\",\"url\":\"https:\\\/\\\/mhamidvoyages.com\\\/\",\"logo\":{\"@type\":\"ImageObject\",\"inLanguage\":\"en-US\",\"@id\":\"https:\\\/\\\/mhamidvoyages.com\\\/#\\\/schema\\\/logo\\\/image\\\/\",\"url\":\"https:\\\/\\\/mhamidvoyages.com\\\/wpmhamid\\\/wp-content\\\/uploads\\\/2018\\\/03\\\/Logo-new-500.png\",\"contentUrl\":\"https:\\\/\\\/mhamidvoyages.com\\\/wpmhamid\\\/wp-content\\\/uploads\\\/2018\\\/03\\\/Logo-new-500.png\",\"width\":460,\"height\":77,\"caption\":\"Mhamid Voyages\"},\"image\":{\"@id\":\"https:\\\/\\\/mhamidvoyages.com\\\/#\\\/schema\\\/logo\\\/image\\\/\"},\"sameAs\":[\"https:\\\/\\\/www.facebook.com\\\/mhamidvoyages\\\/\",\"https:\\\/\\\/x.com\\\/VoyagesMhamid\"]}]}<\/script>\n<!-- \/ Yoast SEO plugin. -->","yoast_head_json":{"title":"8. Bespoke, tailor made; Morocco desert trek - Morocco desert tours | Mhamid Voyages","description":"Bespoke, Tailor-made Morocco Desert Trek | Experience the beauty of the Sahara desert. Contact Mhamid Voyages today to find out more.","robots":{"index":"index","follow":"follow","max-snippet":"max-snippet:-1","max-image-preview":"max-image-preview:large","max-video-preview":"max-video-preview:-1"},"canonical":"https:\/\/mhamidvoyages.com\/treks-voyage-maroc\/trek-sur-mesure-voyage-desert-personnalise\/","og_locale":"en_US","og_type":"article","og_title":"8. Bespoke, tailor made; Morocco desert trek - Morocco desert tours | Mhamid Voyages","og_description":"{:en}Bespoke, Tailor-made Morocco Desert Trek | Experience the beauty of the Sahara desert. Contact Mhamid Voyages today to find out more.{:}","og_url":"https:\/\/mhamidvoyages.com\/treks-voyage-maroc\/trek-sur-mesure-voyage-desert-personnalise\/","og_site_name":"Mhamid Voyages","article_publisher":"https:\/\/www.facebook.com\/mhamidvoyages\/","article_modified_time":"2021-06-17T12:02:24+00:00","og_image":[{"width":1000,"height":1000,"url":"https:\/\/mhamidvoyages.com\/wpmhamid\/wp-content\/uploads\/2018\/05\/trek-sur-mesure-7.jpg","type":"image\/jpeg"}],"twitter_card":"summary_large_image","twitter_site":"@VoyagesMhamid","twitter_misc":{"Est. reading time":"2 minutes"},"schema":{"@context":"https:\/\/schema.org","@graph":[{"@type":"WebPage","@id":"https:\/\/mhamidvoyages.com\/treks-voyage-maroc\/trek-sur-mesure-voyage-desert-personnalise\/","url":"https:\/\/mhamidvoyages.com\/treks-voyage-maroc\/trek-sur-mesure-voyage-desert-personnalise\/","name":"8. Bespoke, tailor made; Morocco desert trek - Morocco desert tours | Mhamid Voyages","isPartOf":{"@id":"https:\/\/mhamidvoyages.com\/#website"},"primaryImageOfPage":{"@id":"https:\/\/mhamidvoyages.com\/treks-voyage-maroc\/trek-sur-mesure-voyage-desert-personnalise\/#primaryimage"},"image":{"@id":"https:\/\/mhamidvoyages.com\/treks-voyage-maroc\/trek-sur-mesure-voyage-desert-personnalise\/#primaryimage"},"thumbnailUrl":"https:\/\/mhamidvoyages.com\/wpmhamid\/wp-content\/uploads\/2018\/05\/trek-sur-mesure-7.jpg","datePublished":"2018-05-20T12:46:27+00:00","dateModified":"2021-06-17T12:02:24+00:00","description":"{:en}Bespoke, Tailor-made Morocco Desert Trek | Experience the beauty of the Sahara desert. Contact Mhamid Voyages today to find out more.{:}","breadcrumb":{"@id":"https:\/\/mhamidvoyages.com\/treks-voyage-maroc\/trek-sur-mesure-voyage-desert-personnalise\/#breadcrumb"},"inLanguage":"en-US","potentialAction":[{"@type":"ReadAction","target":["https:\/\/mhamidvoyages.com\/treks-voyage-maroc\/trek-sur-mesure-voyage-desert-personnalise\/"]}]},{"@type":"ImageObject","inLanguage":"en-US","@id":"https:\/\/mhamidvoyages.com\/treks-voyage-maroc\/trek-sur-mesure-voyage-desert-personnalise\/#primaryimage","url":"https:\/\/mhamidvoyages.com\/wpmhamid\/wp-content\/uploads\/2018\/05\/trek-sur-mesure-7.jpg","contentUrl":"https:\/\/mhamidvoyages.com\/wpmhamid\/wp-content\/uploads\/2018\/05\/trek-sur-mesure-7.jpg","width":1000,"height":1000,"caption":"Mhamid Voyages"},{"@type":"BreadcrumbList","@id":"https:\/\/mhamidvoyages.com\/treks-voyage-maroc\/trek-sur-mesure-voyage-desert-personnalise\/#breadcrumb","itemListElement":[{"@type":"ListItem","position":1,"name":"Accueil","item":"https:\/\/mhamidvoyages.com\/en\/"},{"@type":"ListItem","position":2,"name":"Trek d\u00e9sert Maroc &#8211; Randonn\u00e9e et marche dans le d\u00e9sert marocain","item":"https:\/\/mhamidvoyages.com\/treks-voyage-maroc\/"},{"@type":"ListItem","position":3,"name":"8. Voyage d\u00e9sert Maroc, Trek d\u00e9sert Maroc &#8211; Sur mesure"}]},{"@type":"WebSite","@id":"https:\/\/mhamidvoyages.com\/#website","url":"https:\/\/mhamidvoyages.com\/","name":"Mhamid Voyages","description":"Treks, trips, circuits, bivouacs, s\u00e9jours &amp; randonn\u00e9es dans le d\u00e9sert marocain","publisher":{"@id":"https:\/\/mhamidvoyages.com\/#organization"},"potentialAction":[{"@type":"SearchAction","target":{"@type":"EntryPoint","urlTemplate":"https:\/\/mhamidvoyages.com\/?s={search_term_string}"},"query-input":{"@type":"PropertyValueSpecification","valueRequired":true,"valueName":"search_term_string"}}],"inLanguage":"en-US"},{"@type":"Organization","@id":"https:\/\/mhamidvoyages.com\/#organization","name":"Mhamid Voyages","url":"https:\/\/mhamidvoyages.com\/","logo":{"@type":"ImageObject","inLanguage":"en-US","@id":"https:\/\/mhamidvoyages.com\/#\/schema\/logo\/image\/","url":"https:\/\/mhamidvoyages.com\/wpmhamid\/wp-content\/uploads\/2018\/03\/Logo-new-500.png","contentUrl":"https:\/\/mhamidvoyages.com\/wpmhamid\/wp-content\/uploads\/2018\/03\/Logo-new-500.png","width":460,"height":77,"caption":"Mhamid Voyages"},"image":{"@id":"https:\/\/mhamidvoyages.com\/#\/schema\/logo\/image\/"},"sameAs":["https:\/\/www.facebook.com\/mhamidvoyages\/","https:\/\/x.com\/VoyagesMhamid"]}]}},"_links":{"self":[{"href":"https:\/\/mhamidvoyages.com\/en\/wp-json\/wp\/v2\/pages\/319","targetHints":{"allow":["GET"]}}],"collection":[{"href":"https:\/\/mhamidvoyages.com\/en\/wp-json\/wp\/v2\/pages"}],"about":[{"href":"https:\/\/mhamidvoyages.com\/en\/wp-json\/wp\/v2\/types\/page"}],"author":[{"embeddable":true,"href":"https:\/\/mhamidvoyages.com\/en\/wp-json\/wp\/v2\/users\/1"}],"replies":[{"embeddable":true,"href":"https:\/\/mhamidvoyages.com\/en\/wp-json\/wp\/v2\/comments?post=319"}],"version-history":[{"count":10,"href":"https:\/\/mhamidvoyages.com\/en\/wp-json\/wp\/v2\/pages\/319\/revisions"}],"predecessor-version":[{"id":751,"href":"https:\/\/mhamidvoyages.com\/en\/wp-json\/wp\/v2\/pages\/319\/revisions\/751"}],"up":[{"embeddable":true,"href":"https:\/\/mhamidvoyages.com\/en\/wp-json\/wp\/v2\/pages\/13"}],"wp:featuredmedia":[{"embeddable":true,"href":"https:\/\/mhamidvoyages.com\/en\/wp-json\/wp\/v2\/media\/410"}],"wp:attachment":[{"href":"https:\/\/mhamidvoyages.com\/en\/wp-json\/wp\/v2\/media?parent=319"}],"curies":[{"name":"wp","href":"https:\/\/api.w.org\/{rel}","templated":true}]}}