{"id":338,"date":"2018-05-20T23:49:55","date_gmt":"2018-05-20T21:49:55","guid":{"rendered":"https:\/\/mhamidvoyages.com\/wpmhamid\/?page_id=338"},"modified":"2021-06-17T12:30:14","modified_gmt":"2021-06-17T10:30:14","slug":"voyages-desert-marocains-agence-bon-marche","status":"publish","type":"page","link":"https:\/\/mhamidvoyages.com\/en\/cheap-desert-trek-in-the-sahara\/","title":{"rendered":"Travel agency for the moroccan desert cheap trip &#8211; Who we are"},"content":{"rendered":"<div class=\"wpb-content-wrapper\"><p>[vc_row top_padding=&#8221;40&#8243; bottom_padding=&#8221;60&#8243; bg_position=&#8221;left top&#8221;][vc_column width=&#8221;1\/1&#8243;]<h1 class=\"headline font-special fontsize-xxl fontweight-inherit lh-inherit align-center transform-uppercase \" style=\"margin: 0 0 20px 0;\"><strong> Mhamid Voyages is &#8230;<\/strong><\/h1><h2 class=\"headline font-inherit fontsize-m fontweight-inherit lh-inherit align-center transform-inherit \" style=\"margin: 0; color: #999999;\">&#8230; a local agency in the Sahara desert, created by two nomadic brothers: Mahjoub and Abbas.<\/p>\n<p>&#8220;Treks, tours, excursions, holidays and camps in the Sahara desert of Morocco&#8221; from the village of M&#8217;hamid, in southern Morocco, in the Sahara Desert.<\/p>\n<p>Which is designed to promote ethical tourism and authentic travel.<\/h2>[\/vc_column][\/vc_row][vc_row top_padding=&#8221;40&#8243; bottom_padding=&#8221;40&#8243;][vc_column width=&#8221;1\/2&#8243;]<div class=\"single_image wpb_content_element align-left  animate image_box_rounded image_zoom \" data-animation=\"fade-in-from-left\" data-delay=\"0\"><img loading=\"lazy\" decoding=\"async\" width=\"550\" height=\"364\" src=\"https:\/\/mhamidvoyages.com\/wpmhamid\/wp-content\/uploads\/2018\/05\/mhajoub.jpg\" class=\"attachment-full\" alt=\"guide d\u00e9sert marocain\" title=\"Mhajoub guide d\u00e9sert marocain\" srcset=\"https:\/\/mhamidvoyages.com\/wpmhamid\/wp-content\/uploads\/2018\/05\/mhajoub.jpg 550w, https:\/\/mhamidvoyages.com\/wpmhamid\/wp-content\/uploads\/2018\/05\/mhajoub-300x199.jpg 300w\" sizes=\"auto, (max-width: 550px) 100vw, 550px\" \/><span class=\"single_image_caption\">Mhamid Voyages<\/span><\/div>[\/vc_column][vc_column width=&#8221;1\/2&#8243;][vc_column_text]<\/p>\n<h3>Mahjoub<\/h3>\n<p>Desert Nomad, born and raised in the desert of M&#8217;hamid, partner\u00a0 of the agency &#8220;Mhamid Voyages&#8221;.<br \/>\nEducated in Mhamid, I was then trained as a nature guide at the Mountain Trades Training Center at Tabant (CFAMM) in 2007. With extensive experience in trekking in the Moroccan Sahara desert, in the Atlas mountains and of camps in the Moroccan desert.<br \/>\nFluent in Arabic, French, English and basic Italian.[\/vc_column_text][\/vc_column][\/vc_row][vc_row top_padding=&#8221;40&#8243; bottom_padding=&#8221;40&#8243;][vc_column width=&#8221;1\/2&#8243;]<div class=\"single_image wpb_content_element align-left  animate image_box_rounded image_zoom \" data-animation=\"fade-in-from-left\" data-delay=\"0\"><img loading=\"lazy\" decoding=\"async\" width=\"550\" height=\"364\" src=\"https:\/\/mhamidvoyages.com\/wpmhamid\/wp-content\/uploads\/2018\/05\/abbas.jpg\" class=\"attachment-full\" alt=\"Abbas - Guide marocain trek d\u00e9sert\" title=\"Abbas - Voyage d\u00e9sert marocain\" srcset=\"https:\/\/mhamidvoyages.com\/wpmhamid\/wp-content\/uploads\/2018\/05\/abbas.jpg 550w, https:\/\/mhamidvoyages.com\/wpmhamid\/wp-content\/uploads\/2018\/05\/abbas-300x199.jpg 300w\" sizes=\"auto, (max-width: 550px) 100vw, 550px\" \/><span class=\"single_image_caption\">Mhamid Voyages<\/span><\/div>[\/vc_column][vc_column width=&#8221;1\/2&#8243;][vc_column_text]<\/p>\n<h3>Abbas<\/h3>\n<p>Born in the desert of Mhamid, the brother of Mahjoub. Worked as a camel driver, cook and guide. Thanks to this solid experience in the field of the organization of the excursions in the Sahara desert of Morocco, I combined my skills with Mahjoub\u2019s and our team to create our own agency.<br \/>\nI am partner of the agency &#8220;Mhamid Voyages&#8221;.<\/p>\n<p>Fluent in Arabic, French and English.[\/vc_column_text][\/vc_column][\/vc_row][vc_row top_padding=&#8221;40&#8243; bottom_padding=&#8221;40&#8243;][vc_column width=&#8221;1\/1&#8243;]<h4 class=\"headline font-inherit fontsize-m fontweight-300 lh-inherit align-center transform-inherit \" style=\"margin: 0 0 20px 0;\"><i>We look forward to sharing our way of life with you by offering you authentic moments, organizing your trekking in the Moroccan Sahara desert and any other stay in the camp.<\/i><\/h4>[\/vc_column][\/vc_row]<\/p>\n<\/div>","protected":false},"excerpt":{"rendered":"<p>[vc_row top_padding=&#8221;40&#8243; bottom_padding=&#8221;60&#8243; bg_position=&#8221;left top&#8221;][vc_column width=&#8221;1\/1&#8243;][\/vc_column][\/vc_row][vc_row top_padding=&#8221;40&#8243; bottom_padding=&#8221;40&#8243;][vc_column width=&#8221;1\/2&#8243;][\/vc_column][vc_column width=&#8221;1\/2&#8243;][vc_column_text] Mahjoub Desert Nomad, born and raised in the desert of M&#8217;hamid, partner\u00a0 of the agency &#8220;Mhamid Voyages&#8221;. Educated in Mhamid, I was then trained as a nature guide at the Mountain Trades Training Center at Tabant (CFAMM) in 2007. With extensive experience in trekking in the Moroccan Sahara desert, in the Atlas mountains and of camps in the Moroccan desert. Fluent in Arabic, French, English and basic Italian.[\/vc_column_text][\/vc_column][\/vc_row][vc_row top_padding=&#8221;40&#8243; bottom_padding=&#8221;40&#8243;][vc_column width=&#8221;1\/2&#8243;][\/vc_column][vc_column width=&#8221;1\/2&#8243;][vc_column_text] Abbas Born in the desert of Mhamid, the brother of Mahjoub. Worked as a camel driver, cook and guide. Thanks to this solid experience in the field of the organization of the excursions in the Sahara desert of Morocco, I combined my skills with Mahjoub\u2019s and our team to create our own agency. I am partner of the agency &#8220;Mhamid Voyages&#8221;. Fluent in Arabic, French and English.[\/vc_column_text][\/vc_column][\/vc_row][vc_row top_padding=&#8221;40&#8243; bottom_padding=&#8221;40&#8243;][vc_column width=&#8221;1\/1&#8243;][\/vc_column][\/vc_row]<\/p>\n","protected":false},"author":1,"featured_media":350,"parent":0,"menu_order":0,"comment_status":"closed","ping_status":"closed","template":"","meta":{"footnotes":""},"class_list":["post-338","page","type-page","status-publish","has-post-thumbnail","hentry"],"yoast_head":"<!-- This site is optimized with the Yoast SEO plugin v27.3 - https:\/\/yoast.com\/product\/yoast-seo-wordpress\/ -->\n<title>Travel agency for the moroccan desert cheap trip - Who we are | Mhamid Voyages<\/title>\n<meta name=\"description\" content=\"Travel Agency | Book your Moroccan adventure with us - Bespoke, tailor-made, unforgettable holidays exploring the Sahara Desert. Contact us.\" \/>\n<meta name=\"robots\" content=\"index, follow, max-snippet:-1, max-image-preview:large, max-video-preview:-1\" \/>\n<link rel=\"canonical\" href=\"https:\/\/mhamidvoyages.com\/voyages-desert-marocains-agence-bon-marche\/\" \/>\n<meta property=\"og:locale\" content=\"en_US\" \/>\n<meta property=\"og:type\" content=\"article\" \/>\n<meta property=\"og:title\" content=\"Travel agency for the moroccan desert cheap trip - Who we are | Mhamid Voyages\" \/>\n<meta property=\"og:description\" content=\"{:en}Travel Agency | Book your Moroccan adventure with us - Bespoke, tailor-made, unforgettable holidays exploring the Sahara Desert. Contact us.{:}\" \/>\n<meta property=\"og:url\" content=\"https:\/\/mhamidvoyages.com\/voyages-desert-marocains-agence-bon-marche\/\" \/>\n<meta property=\"og:site_name\" content=\"Mhamid Voyages\" \/>\n<meta property=\"article:publisher\" content=\"https:\/\/www.facebook.com\/mhamidvoyages\/\" \/>\n<meta property=\"article:modified_time\" content=\"2021-06-17T10:30:14+00:00\" \/>\n<meta property=\"og:image\" content=\"https:\/\/mhamidvoyages.com\/wpmhamid\/wp-content\/uploads\/2018\/05\/abbas.jpg\" \/>\n\t<meta property=\"og:image:width\" content=\"550\" \/>\n\t<meta property=\"og:image:height\" content=\"364\" \/>\n\t<meta property=\"og:image:type\" content=\"image\/jpeg\" \/>\n<meta name=\"twitter:card\" content=\"summary_large_image\" \/>\n<meta name=\"twitter:site\" content=\"@VoyagesMhamid\" \/>\n<meta name=\"twitter:label1\" content=\"Est. reading time\" \/>\n\t<meta name=\"twitter:data1\" content=\"2 minutes\" \/>\n<script type=\"application\/ld+json\" class=\"yoast-schema-graph\">{\"@context\":\"https:\\\/\\\/schema.org\",\"@graph\":[{\"@type\":\"WebPage\",\"@id\":\"https:\\\/\\\/mhamidvoyages.com\\\/voyages-desert-marocains-agence-bon-marche\\\/\",\"url\":\"https:\\\/\\\/mhamidvoyages.com\\\/voyages-desert-marocains-agence-bon-marche\\\/\",\"name\":\"Travel agency for the moroccan desert cheap trip - Who we are | Mhamid Voyages\",\"isPartOf\":{\"@id\":\"https:\\\/\\\/mhamidvoyages.com\\\/#website\"},\"primaryImageOfPage\":{\"@id\":\"https:\\\/\\\/mhamidvoyages.com\\\/voyages-desert-marocains-agence-bon-marche\\\/#primaryimage\"},\"image\":{\"@id\":\"https:\\\/\\\/mhamidvoyages.com\\\/voyages-desert-marocains-agence-bon-marche\\\/#primaryimage\"},\"thumbnailUrl\":\"https:\\\/\\\/mhamidvoyages.com\\\/wpmhamid\\\/wp-content\\\/uploads\\\/2018\\\/05\\\/abbas.jpg\",\"datePublished\":\"2018-05-20T21:49:55+00:00\",\"dateModified\":\"2021-06-17T10:30:14+00:00\",\"description\":\"{:en}Travel Agency | Book your Moroccan adventure with us - Bespoke, tailor-made, unforgettable holidays exploring the Sahara Desert. Contact us.{:}\",\"breadcrumb\":{\"@id\":\"https:\\\/\\\/mhamidvoyages.com\\\/voyages-desert-marocains-agence-bon-marche\\\/#breadcrumb\"},\"inLanguage\":\"en-US\",\"potentialAction\":[{\"@type\":\"ReadAction\",\"target\":[\"https:\\\/\\\/mhamidvoyages.com\\\/voyages-desert-marocains-agence-bon-marche\\\/\"]}]},{\"@type\":\"ImageObject\",\"inLanguage\":\"en-US\",\"@id\":\"https:\\\/\\\/mhamidvoyages.com\\\/voyages-desert-marocains-agence-bon-marche\\\/#primaryimage\",\"url\":\"https:\\\/\\\/mhamidvoyages.com\\\/wpmhamid\\\/wp-content\\\/uploads\\\/2018\\\/05\\\/abbas.jpg\",\"contentUrl\":\"https:\\\/\\\/mhamidvoyages.com\\\/wpmhamid\\\/wp-content\\\/uploads\\\/2018\\\/05\\\/abbas.jpg\",\"width\":550,\"height\":364,\"caption\":\"Mhamid Voyages\"},{\"@type\":\"BreadcrumbList\",\"@id\":\"https:\\\/\\\/mhamidvoyages.com\\\/voyages-desert-marocains-agence-bon-marche\\\/#breadcrumb\",\"itemListElement\":[{\"@type\":\"ListItem\",\"position\":1,\"name\":\"Accueil\",\"item\":\"https:\\\/\\\/mhamidvoyages.com\\\/en\\\/\"},{\"@type\":\"ListItem\",\"position\":2,\"name\":\"Qui sommes-nous ? &#8211; Agence de voyage bon march\u00e9 pour le d\u00e9sert marocain\"}]},{\"@type\":\"WebSite\",\"@id\":\"https:\\\/\\\/mhamidvoyages.com\\\/#website\",\"url\":\"https:\\\/\\\/mhamidvoyages.com\\\/\",\"name\":\"Mhamid Voyages\",\"description\":\"Treks, trips, circuits, bivouacs, s\u00e9jours &amp; randonn\u00e9es dans le d\u00e9sert marocain\",\"publisher\":{\"@id\":\"https:\\\/\\\/mhamidvoyages.com\\\/#organization\"},\"potentialAction\":[{\"@type\":\"SearchAction\",\"target\":{\"@type\":\"EntryPoint\",\"urlTemplate\":\"https:\\\/\\\/mhamidvoyages.com\\\/?s={search_term_string}\"},\"query-input\":{\"@type\":\"PropertyValueSpecification\",\"valueRequired\":true,\"valueName\":\"search_term_string\"}}],\"inLanguage\":\"en-US\"},{\"@type\":\"Organization\",\"@id\":\"https:\\\/\\\/mhamidvoyages.com\\\/#organization\",\"name\":\"Mhamid Voyages\",\"url\":\"https:\\\/\\\/mhamidvoyages.com\\\/\",\"logo\":{\"@type\":\"ImageObject\",\"inLanguage\":\"en-US\",\"@id\":\"https:\\\/\\\/mhamidvoyages.com\\\/#\\\/schema\\\/logo\\\/image\\\/\",\"url\":\"https:\\\/\\\/mhamidvoyages.com\\\/wpmhamid\\\/wp-content\\\/uploads\\\/2018\\\/03\\\/Logo-new-500.png\",\"contentUrl\":\"https:\\\/\\\/mhamidvoyages.com\\\/wpmhamid\\\/wp-content\\\/uploads\\\/2018\\\/03\\\/Logo-new-500.png\",\"width\":460,\"height\":77,\"caption\":\"Mhamid Voyages\"},\"image\":{\"@id\":\"https:\\\/\\\/mhamidvoyages.com\\\/#\\\/schema\\\/logo\\\/image\\\/\"},\"sameAs\":[\"https:\\\/\\\/www.facebook.com\\\/mhamidvoyages\\\/\",\"https:\\\/\\\/x.com\\\/VoyagesMhamid\"]}]}<\/script>\n<!-- \/ Yoast SEO plugin. -->","yoast_head_json":{"title":"Travel agency for the moroccan desert cheap trip - Who we are | Mhamid Voyages","description":"Travel Agency | Book your Moroccan adventure with us - Bespoke, tailor-made, unforgettable holidays exploring the Sahara Desert. Contact us.","robots":{"index":"index","follow":"follow","max-snippet":"max-snippet:-1","max-image-preview":"max-image-preview:large","max-video-preview":"max-video-preview:-1"},"canonical":"https:\/\/mhamidvoyages.com\/voyages-desert-marocains-agence-bon-marche\/","og_locale":"en_US","og_type":"article","og_title":"Travel agency for the moroccan desert cheap trip - Who we are | Mhamid Voyages","og_description":"{:en}Travel Agency | Book your Moroccan adventure with us - Bespoke, tailor-made, unforgettable holidays exploring the Sahara Desert. Contact us.{:}","og_url":"https:\/\/mhamidvoyages.com\/voyages-desert-marocains-agence-bon-marche\/","og_site_name":"Mhamid Voyages","article_publisher":"https:\/\/www.facebook.com\/mhamidvoyages\/","article_modified_time":"2021-06-17T10:30:14+00:00","og_image":[{"width":550,"height":364,"url":"https:\/\/mhamidvoyages.com\/wpmhamid\/wp-content\/uploads\/2018\/05\/abbas.jpg","type":"image\/jpeg"}],"twitter_card":"summary_large_image","twitter_site":"@VoyagesMhamid","twitter_misc":{"Est. reading time":"2 minutes"},"schema":{"@context":"https:\/\/schema.org","@graph":[{"@type":"WebPage","@id":"https:\/\/mhamidvoyages.com\/voyages-desert-marocains-agence-bon-marche\/","url":"https:\/\/mhamidvoyages.com\/voyages-desert-marocains-agence-bon-marche\/","name":"Travel agency for the moroccan desert cheap trip - Who we are | Mhamid Voyages","isPartOf":{"@id":"https:\/\/mhamidvoyages.com\/#website"},"primaryImageOfPage":{"@id":"https:\/\/mhamidvoyages.com\/voyages-desert-marocains-agence-bon-marche\/#primaryimage"},"image":{"@id":"https:\/\/mhamidvoyages.com\/voyages-desert-marocains-agence-bon-marche\/#primaryimage"},"thumbnailUrl":"https:\/\/mhamidvoyages.com\/wpmhamid\/wp-content\/uploads\/2018\/05\/abbas.jpg","datePublished":"2018-05-20T21:49:55+00:00","dateModified":"2021-06-17T10:30:14+00:00","description":"{:en}Travel Agency | Book your Moroccan adventure with us - Bespoke, tailor-made, unforgettable holidays exploring the Sahara Desert. Contact us.{:}","breadcrumb":{"@id":"https:\/\/mhamidvoyages.com\/voyages-desert-marocains-agence-bon-marche\/#breadcrumb"},"inLanguage":"en-US","potentialAction":[{"@type":"ReadAction","target":["https:\/\/mhamidvoyages.com\/voyages-desert-marocains-agence-bon-marche\/"]}]},{"@type":"ImageObject","inLanguage":"en-US","@id":"https:\/\/mhamidvoyages.com\/voyages-desert-marocains-agence-bon-marche\/#primaryimage","url":"https:\/\/mhamidvoyages.com\/wpmhamid\/wp-content\/uploads\/2018\/05\/abbas.jpg","contentUrl":"https:\/\/mhamidvoyages.com\/wpmhamid\/wp-content\/uploads\/2018\/05\/abbas.jpg","width":550,"height":364,"caption":"Mhamid Voyages"},{"@type":"BreadcrumbList","@id":"https:\/\/mhamidvoyages.com\/voyages-desert-marocains-agence-bon-marche\/#breadcrumb","itemListElement":[{"@type":"ListItem","position":1,"name":"Accueil","item":"https:\/\/mhamidvoyages.com\/en\/"},{"@type":"ListItem","position":2,"name":"Qui sommes-nous ? &#8211; Agence de voyage bon march\u00e9 pour le d\u00e9sert marocain"}]},{"@type":"WebSite","@id":"https:\/\/mhamidvoyages.com\/#website","url":"https:\/\/mhamidvoyages.com\/","name":"Mhamid Voyages","description":"Treks, trips, circuits, bivouacs, s\u00e9jours &amp; randonn\u00e9es dans le d\u00e9sert marocain","publisher":{"@id":"https:\/\/mhamidvoyages.com\/#organization"},"potentialAction":[{"@type":"SearchAction","target":{"@type":"EntryPoint","urlTemplate":"https:\/\/mhamidvoyages.com\/?s={search_term_string}"},"query-input":{"@type":"PropertyValueSpecification","valueRequired":true,"valueName":"search_term_string"}}],"inLanguage":"en-US"},{"@type":"Organization","@id":"https:\/\/mhamidvoyages.com\/#organization","name":"Mhamid Voyages","url":"https:\/\/mhamidvoyages.com\/","logo":{"@type":"ImageObject","inLanguage":"en-US","@id":"https:\/\/mhamidvoyages.com\/#\/schema\/logo\/image\/","url":"https:\/\/mhamidvoyages.com\/wpmhamid\/wp-content\/uploads\/2018\/03\/Logo-new-500.png","contentUrl":"https:\/\/mhamidvoyages.com\/wpmhamid\/wp-content\/uploads\/2018\/03\/Logo-new-500.png","width":460,"height":77,"caption":"Mhamid Voyages"},"image":{"@id":"https:\/\/mhamidvoyages.com\/#\/schema\/logo\/image\/"},"sameAs":["https:\/\/www.facebook.com\/mhamidvoyages\/","https:\/\/x.com\/VoyagesMhamid"]}]}},"_links":{"self":[{"href":"https:\/\/mhamidvoyages.com\/en\/wp-json\/wp\/v2\/pages\/338","targetHints":{"allow":["GET"]}}],"collection":[{"href":"https:\/\/mhamidvoyages.com\/en\/wp-json\/wp\/v2\/pages"}],"about":[{"href":"https:\/\/mhamidvoyages.com\/en\/wp-json\/wp\/v2\/types\/page"}],"author":[{"embeddable":true,"href":"https:\/\/mhamidvoyages.com\/en\/wp-json\/wp\/v2\/users\/1"}],"replies":[{"embeddable":true,"href":"https:\/\/mhamidvoyages.com\/en\/wp-json\/wp\/v2\/comments?post=338"}],"version-history":[{"count":19,"href":"https:\/\/mhamidvoyages.com\/en\/wp-json\/wp\/v2\/pages\/338\/revisions"}],"predecessor-version":[{"id":640,"href":"https:\/\/mhamidvoyages.com\/en\/wp-json\/wp\/v2\/pages\/338\/revisions\/640"}],"wp:featuredmedia":[{"embeddable":true,"href":"https:\/\/mhamidvoyages.com\/en\/wp-json\/wp\/v2\/media\/350"}],"wp:attachment":[{"href":"https:\/\/mhamidvoyages.com\/en\/wp-json\/wp\/v2\/media?parent=338"}],"curies":[{"name":"wp","href":"https:\/\/api.w.org\/{rel}","templated":true}]}}