{"id":359,"date":"2018-05-21T00:26:56","date_gmt":"2018-05-20T22:26:56","guid":{"rendered":"https:\/\/mhamidvoyages.com\/wpmhamid\/?page_id=359"},"modified":"2021-06-11T15:07:18","modified_gmt":"2021-06-11T13:07:18","slug":"comment-rejoindre-mhamid-4-4-taxis-transports-en-commun","status":"publish","type":"page","link":"https:\/\/mhamidvoyages.com\/en\/prices-information-travel-morocco-desert\/how-to-get-to-mhamid-4x4-taxis-public-transport\/","title":{"rendered":"How to get to Mhamid? &#8211; Taxi, public transport, 4WD, or private vehicle"},"content":{"rendered":"<div class=\"wpb-content-wrapper\"><p>[vc_row top_padding=&#8221;0&#8243; bottom_padding=&#8221;0&#8243; bg_position=&#8221;left top&#8221;][vc_column width=&#8221;1\/1&#8243;]<h1 class=\"headline font-special fontsize-xxl fontweight-inherit lh-inherit align-center transform-uppercase \" style=\"margin: 0 0 20px 0;\"><strong>M&#8217;Hamid El Ghizlane is &#8230;<\/strong><\/h1><h2 class=\"headline font-inherit fontsize-m fontweight-inherit lh-inherit align-center transform-inherit \" style=\"margin: 0; color: #999999;\">&#8230; the starting point of excursions in the moroccan desert.<\/h2>[\/vc_column][\/vc_row][vc_row][vc_column width=&#8221;1\/1&#8243;]<h1 class=\"headline font-inherit fontsize-l fontweight-300 lh-inherit align-left transform-inherit \" style=\"margin: 0 0 20px 0;\">How to get to Mhamid:<\/h1>[\/vc_column][\/vc_row][vc_row][vc_column width=&#8221;1\/3&#8243;][vc_column_text]<strong>\u00a01 &#8211; Private transport:<\/strong><\/p>\n<p>Mhamid Voyages organize your transportation \u2013 from your point of arrival Marrakech, Ouarzazate, Zagora or Agadir to Mhamid; the starting point of your hike\/trek.<\/p>\n<p>You have the option to stop along the way: Atlas, Dr\u00e2a Valley and other beautiful locations on route to Mhamid.[\/vc_column_text][\/vc_column][vc_column width=&#8221;1\/3&#8243;][vc_column_text]<strong>2 &#8211; Public transportation<\/strong><\/p>\n<p><strong>* By CTM bus<\/strong><br \/>\nMarrakech &#8211; Mhamid, departure at 11am &#8211; 17 euros \/ person approximately 10h<br \/>\nOuarazazate &#8211; M&#8217;Hamid, departure at 15:45 &#8211; 8 euros \/ person about 5h<br \/>\n<a href=\"http:\/\/ctm.ma\/\" target=\"_blank\" rel=\"noopener\">http:\/\/ctm.ma\/<\/a><\/p>\n<p>Tickets can be purchased directly in the city of departure from the CTM agencies<\/p>\n<p>&nbsp;<\/p>\n<p><strong>*\u00a0In collective Taxi<\/strong><br \/>\n* In a group taxi (6 people in the taxi)<br \/>\nMarrakech &#8211; Mhamid: 24 euros \/ person (change of taxi in Ouarzazte and Zagora)<br \/>\nOuarzazate &#8211; Mhamid: 13 euros \/ person (change of taxi in Zagora)<br \/>\nZagora &#8211; Mhamid: 3,5 euros \/ person<\/p>\n<p>Go the city\u2019s collective taxis departures location.[\/vc_column_text][\/vc_column][vc_column width=&#8221;1\/3&#8243;][vc_column_text]<strong>3 &#8211; Airlines<\/strong><br \/>\nThere are flights from Casablanca to Zagora and from Zagora to Casablanca every Monday, Wednesday and Friday.<br \/>\n<a href=\"http:\/\/royalairmaroc.com\/\" target=\"_blank\" rel=\"noopener\">http:\/\/royalairmaroc.com\/<\/a><\/p>\n<p>[\/vc_column_text][\/vc_column][\/vc_row]<\/p>\n<\/div>","protected":false},"excerpt":{"rendered":"<p>[vc_row top_padding=&#8221;0&#8243; bottom_padding=&#8221;0&#8243; bg_position=&#8221;left top&#8221;][vc_column width=&#8221;1\/1&#8243;][\/vc_column][\/vc_row][vc_row][vc_column width=&#8221;1\/1&#8243;][\/vc_column][\/vc_row][vc_row][vc_column width=&#8221;1\/3&#8243;][vc_column_text]\u00a01 &#8211; Private transport: Mhamid Voyages organize your transportation \u2013 from your point of arrival Marrakech, Ouarzazate, Zagora or Agadir to Mhamid; the starting point of your hike\/trek. You have the option to stop along the way: Atlas, Dr\u00e2a Valley and other beautiful locations on route to Mhamid.[\/vc_column_text][\/vc_column][vc_column width=&#8221;1\/3&#8243;][vc_column_text]2 &#8211; Public transportation * By CTM bus Marrakech &#8211; Mhamid, departure at 11am &#8211; 17 euros \/ person approximately 10h Ouarazazate &#8211; M&#8217;Hamid, departure at 15:45 &#8211; 8 euros \/ person about 5h http:\/\/ctm.ma\/ Tickets can be purchased directly in the city of departure from the CTM agencies &nbsp; *\u00a0In collective Taxi * In a group taxi (6 people in the taxi) Marrakech &#8211; Mhamid: 24 euros \/ person (change of taxi in Ouarzazte and Zagora) Ouarzazate &#8211; Mhamid: 13 euros \/ person (change of taxi in Zagora) Zagora &#8211; Mhamid: 3,5 euros \/ person Go the city\u2019s collective taxis departures location.[\/vc_column_text][\/vc_column][vc_column width=&#8221;1\/3&#8243;][vc_column_text]3 &#8211; Airlines There are flights from Casablanca to Zagora and from Zagora to Casablanca every Monday, Wednesday and Friday. http:\/\/royalairmaroc.com\/ [\/vc_column_text][\/vc_column][\/vc_row]<\/p>\n","protected":false},"author":1,"featured_media":0,"parent":22,"menu_order":0,"comment_status":"closed","ping_status":"closed","template":"","meta":{"footnotes":""},"class_list":["post-359","page","type-page","status-publish","hentry"],"yoast_head":"<!-- This site is optimized with the Yoast SEO plugin v27.4 - https:\/\/yoast.com\/product\/yoast-seo-wordpress\/ -->\n<title>How to get to Mhamid? - Taxi, public transport, 4WD, or private vehicle | Mhamid Voyages<\/title>\n<meta name=\"description\" content=\"How to get to Mhamid | Mhamid is the starting point of excursions in the moroccan desert. Find out everything you need to know on our site.\" \/>\n<meta name=\"robots\" content=\"index, follow, max-snippet:-1, max-image-preview:large, max-video-preview:-1\" \/>\n<link rel=\"canonical\" href=\"https:\/\/mhamidvoyages.com\/en\/prices-information-travel-morocco-desert\/how-to-get-to-mhamid-4x4-taxis-public-transport\/\" \/>\n<meta property=\"og:locale\" content=\"en_US\" \/>\n<meta property=\"og:type\" content=\"article\" \/>\n<meta property=\"og:title\" content=\"How to get to Mhamid? - Taxi, public transport, 4WD, or private vehicle | Mhamid Voyages\" \/>\n<meta property=\"og:description\" content=\"{:en}How to get to Mhamid | Mhamid is the starting point of excursions in the moroccan desert. Find out everything you need to know on our site.{:}\" \/>\n<meta property=\"og:url\" content=\"https:\/\/mhamidvoyages.com\/en\/prices-information-travel-morocco-desert\/how-to-get-to-mhamid-4x4-taxis-public-transport\/\" \/>\n<meta property=\"og:site_name\" content=\"Mhamid Voyages\" \/>\n<meta property=\"article:publisher\" content=\"https:\/\/www.facebook.com\/mhamidvoyages\/\" \/>\n<meta property=\"article:modified_time\" content=\"2021-06-11T13:07:18+00:00\" \/>\n<meta name=\"twitter:card\" content=\"summary_large_image\" \/>\n<meta name=\"twitter:site\" content=\"@VoyagesMhamid\" \/>\n<meta name=\"twitter:label1\" content=\"Est. reading time\" \/>\n\t<meta name=\"twitter:data1\" content=\"3 minutes\" \/>\n<script type=\"application\/ld+json\" class=\"yoast-schema-graph\">{\"@context\":\"https:\\\/\\\/schema.org\",\"@graph\":[{\"@type\":\"WebPage\",\"@id\":\"https:\\\/\\\/mhamidvoyages.com\\\/en\\\/prices-information-travel-morocco-desert\\\/how-to-get-to-mhamid-4x4-taxis-public-transport\\\/\",\"url\":\"https:\\\/\\\/mhamidvoyages.com\\\/en\\\/prices-information-travel-morocco-desert\\\/how-to-get-to-mhamid-4x4-taxis-public-transport\\\/\",\"name\":\"How to get to Mhamid? - Taxi, public transport, 4WD, or private vehicle | Mhamid Voyages\",\"isPartOf\":{\"@id\":\"https:\\\/\\\/mhamidvoyages.com\\\/#website\"},\"datePublished\":\"2018-05-20T22:26:56+00:00\",\"dateModified\":\"2021-06-11T13:07:18+00:00\",\"description\":\"{:en}How to get to Mhamid | Mhamid is the starting point of excursions in the moroccan desert. Find out everything you need to know on our site.{:}\",\"breadcrumb\":{\"@id\":\"https:\\\/\\\/mhamidvoyages.com\\\/en\\\/prices-information-travel-morocco-desert\\\/how-to-get-to-mhamid-4x4-taxis-public-transport\\\/#breadcrumb\"},\"inLanguage\":\"en-US\",\"potentialAction\":[{\"@type\":\"ReadAction\",\"target\":[\"https:\\\/\\\/mhamidvoyages.com\\\/en\\\/prices-information-travel-morocco-desert\\\/how-to-get-to-mhamid-4x4-taxis-public-transport\\\/\"]}]},{\"@type\":\"BreadcrumbList\",\"@id\":\"https:\\\/\\\/mhamidvoyages.com\\\/en\\\/prices-information-travel-morocco-desert\\\/how-to-get-to-mhamid-4x4-taxis-public-transport\\\/#breadcrumb\",\"itemListElement\":[{\"@type\":\"ListItem\",\"position\":1,\"name\":\"Accueil\",\"item\":\"https:\\\/\\\/mhamidvoyages.com\\\/en\\\/\"},{\"@type\":\"ListItem\",\"position\":2,\"name\":\"Rates and information\",\"item\":\"https:\\\/\\\/mhamidvoyages.com\\\/en\\\/prices-information-travel-morocco-desert\\\/\"},{\"@type\":\"ListItem\",\"position\":3,\"name\":\"Comment rejoindre M&rsquo;hamid? &#8211; Circuit 4&#215;4 Maroc, taxis, transports commun, v\u00e9hicule priv\u00e9\"}]},{\"@type\":\"WebSite\",\"@id\":\"https:\\\/\\\/mhamidvoyages.com\\\/#website\",\"url\":\"https:\\\/\\\/mhamidvoyages.com\\\/\",\"name\":\"Mhamid Voyages\",\"description\":\"Treks, trips, circuits, bivouacs, s\u00e9jours &amp; randonn\u00e9es dans le d\u00e9sert marocain\",\"publisher\":{\"@id\":\"https:\\\/\\\/mhamidvoyages.com\\\/#organization\"},\"potentialAction\":[{\"@type\":\"SearchAction\",\"target\":{\"@type\":\"EntryPoint\",\"urlTemplate\":\"https:\\\/\\\/mhamidvoyages.com\\\/?s={search_term_string}\"},\"query-input\":{\"@type\":\"PropertyValueSpecification\",\"valueRequired\":true,\"valueName\":\"search_term_string\"}}],\"inLanguage\":\"en-US\"},{\"@type\":\"Organization\",\"@id\":\"https:\\\/\\\/mhamidvoyages.com\\\/#organization\",\"name\":\"Mhamid Voyages\",\"url\":\"https:\\\/\\\/mhamidvoyages.com\\\/\",\"logo\":{\"@type\":\"ImageObject\",\"inLanguage\":\"en-US\",\"@id\":\"https:\\\/\\\/mhamidvoyages.com\\\/#\\\/schema\\\/logo\\\/image\\\/\",\"url\":\"https:\\\/\\\/mhamidvoyages.com\\\/wpmhamid\\\/wp-content\\\/uploads\\\/2018\\\/03\\\/Logo-new-500.png\",\"contentUrl\":\"https:\\\/\\\/mhamidvoyages.com\\\/wpmhamid\\\/wp-content\\\/uploads\\\/2018\\\/03\\\/Logo-new-500.png\",\"width\":460,\"height\":77,\"caption\":\"Mhamid Voyages\"},\"image\":{\"@id\":\"https:\\\/\\\/mhamidvoyages.com\\\/#\\\/schema\\\/logo\\\/image\\\/\"},\"sameAs\":[\"https:\\\/\\\/www.facebook.com\\\/mhamidvoyages\\\/\",\"https:\\\/\\\/x.com\\\/VoyagesMhamid\"]}]}<\/script>\n<!-- \/ Yoast SEO plugin. -->","yoast_head_json":{"title":"How to get to Mhamid? - Taxi, public transport, 4WD, or private vehicle | Mhamid Voyages","description":"How to get to Mhamid | Mhamid is the starting point of excursions in the moroccan desert. Find out everything you need to know on our site.","robots":{"index":"index","follow":"follow","max-snippet":"max-snippet:-1","max-image-preview":"max-image-preview:large","max-video-preview":"max-video-preview:-1"},"canonical":"https:\/\/mhamidvoyages.com\/en\/prices-information-travel-morocco-desert\/how-to-get-to-mhamid-4x4-taxis-public-transport\/","og_locale":"en_US","og_type":"article","og_title":"How to get to Mhamid? - Taxi, public transport, 4WD, or private vehicle | Mhamid Voyages","og_description":"{:en}How to get to Mhamid | Mhamid is the starting point of excursions in the moroccan desert. Find out everything you need to know on our site.{:}","og_url":"https:\/\/mhamidvoyages.com\/en\/prices-information-travel-morocco-desert\/how-to-get-to-mhamid-4x4-taxis-public-transport\/","og_site_name":"Mhamid Voyages","article_publisher":"https:\/\/www.facebook.com\/mhamidvoyages\/","article_modified_time":"2021-06-11T13:07:18+00:00","twitter_card":"summary_large_image","twitter_site":"@VoyagesMhamid","twitter_misc":{"Est. reading time":"3 minutes"},"schema":{"@context":"https:\/\/schema.org","@graph":[{"@type":"WebPage","@id":"https:\/\/mhamidvoyages.com\/en\/prices-information-travel-morocco-desert\/how-to-get-to-mhamid-4x4-taxis-public-transport\/","url":"https:\/\/mhamidvoyages.com\/en\/prices-information-travel-morocco-desert\/how-to-get-to-mhamid-4x4-taxis-public-transport\/","name":"How to get to Mhamid? - Taxi, public transport, 4WD, or private vehicle | Mhamid Voyages","isPartOf":{"@id":"https:\/\/mhamidvoyages.com\/#website"},"datePublished":"2018-05-20T22:26:56+00:00","dateModified":"2021-06-11T13:07:18+00:00","description":"{:en}How to get to Mhamid | Mhamid is the starting point of excursions in the moroccan desert. Find out everything you need to know on our site.{:}","breadcrumb":{"@id":"https:\/\/mhamidvoyages.com\/en\/prices-information-travel-morocco-desert\/how-to-get-to-mhamid-4x4-taxis-public-transport\/#breadcrumb"},"inLanguage":"en-US","potentialAction":[{"@type":"ReadAction","target":["https:\/\/mhamidvoyages.com\/en\/prices-information-travel-morocco-desert\/how-to-get-to-mhamid-4x4-taxis-public-transport\/"]}]},{"@type":"BreadcrumbList","@id":"https:\/\/mhamidvoyages.com\/en\/prices-information-travel-morocco-desert\/how-to-get-to-mhamid-4x4-taxis-public-transport\/#breadcrumb","itemListElement":[{"@type":"ListItem","position":1,"name":"Accueil","item":"https:\/\/mhamidvoyages.com\/en\/"},{"@type":"ListItem","position":2,"name":"Rates and information","item":"https:\/\/mhamidvoyages.com\/en\/prices-information-travel-morocco-desert\/"},{"@type":"ListItem","position":3,"name":"Comment rejoindre M&rsquo;hamid? &#8211; Circuit 4&#215;4 Maroc, taxis, transports commun, v\u00e9hicule priv\u00e9"}]},{"@type":"WebSite","@id":"https:\/\/mhamidvoyages.com\/#website","url":"https:\/\/mhamidvoyages.com\/","name":"Mhamid Voyages","description":"Treks, trips, circuits, bivouacs, s\u00e9jours &amp; randonn\u00e9es dans le d\u00e9sert marocain","publisher":{"@id":"https:\/\/mhamidvoyages.com\/#organization"},"potentialAction":[{"@type":"SearchAction","target":{"@type":"EntryPoint","urlTemplate":"https:\/\/mhamidvoyages.com\/?s={search_term_string}"},"query-input":{"@type":"PropertyValueSpecification","valueRequired":true,"valueName":"search_term_string"}}],"inLanguage":"en-US"},{"@type":"Organization","@id":"https:\/\/mhamidvoyages.com\/#organization","name":"Mhamid Voyages","url":"https:\/\/mhamidvoyages.com\/","logo":{"@type":"ImageObject","inLanguage":"en-US","@id":"https:\/\/mhamidvoyages.com\/#\/schema\/logo\/image\/","url":"https:\/\/mhamidvoyages.com\/wpmhamid\/wp-content\/uploads\/2018\/03\/Logo-new-500.png","contentUrl":"https:\/\/mhamidvoyages.com\/wpmhamid\/wp-content\/uploads\/2018\/03\/Logo-new-500.png","width":460,"height":77,"caption":"Mhamid Voyages"},"image":{"@id":"https:\/\/mhamidvoyages.com\/#\/schema\/logo\/image\/"},"sameAs":["https:\/\/www.facebook.com\/mhamidvoyages\/","https:\/\/x.com\/VoyagesMhamid"]}]}},"_links":{"self":[{"href":"https:\/\/mhamidvoyages.com\/en\/wp-json\/wp\/v2\/pages\/359","targetHints":{"allow":["GET"]}}],"collection":[{"href":"https:\/\/mhamidvoyages.com\/en\/wp-json\/wp\/v2\/pages"}],"about":[{"href":"https:\/\/mhamidvoyages.com\/en\/wp-json\/wp\/v2\/types\/page"}],"author":[{"embeddable":true,"href":"https:\/\/mhamidvoyages.com\/en\/wp-json\/wp\/v2\/users\/1"}],"replies":[{"embeddable":true,"href":"https:\/\/mhamidvoyages.com\/en\/wp-json\/wp\/v2\/comments?post=359"}],"version-history":[{"count":15,"href":"https:\/\/mhamidvoyages.com\/en\/wp-json\/wp\/v2\/pages\/359\/revisions"}],"predecessor-version":[{"id":722,"href":"https:\/\/mhamidvoyages.com\/en\/wp-json\/wp\/v2\/pages\/359\/revisions\/722"}],"up":[{"embeddable":true,"href":"https:\/\/mhamidvoyages.com\/en\/wp-json\/wp\/v2\/pages\/22"}],"wp:attachment":[{"href":"https:\/\/mhamidvoyages.com\/en\/wp-json\/wp\/v2\/media?parent=359"}],"curies":[{"name":"wp","href":"https:\/\/api.w.org\/{rel}","templated":true}]}}